{"id":3062,"date":"2023-06-19T09:12:35","date_gmt":"2023-06-19T09:12:35","guid":{"rendered":"https:\/\/www.vacuum-glas.eu\/landvac-vacuumglas\/"},"modified":"2025-09-19T08:38:14","modified_gmt":"2025-09-19T08:38:14","slug":"nedvac-vacuumglas","status":"publish","type":"page","link":"https:\/\/www.vacuum-glas.eu\/de\/nedvac-vacuumglas\/","title":{"rendered":"GG-Nedvac vacu\u00fcmglas"},"content":{"rendered":"\t\t<div data-elementor-type=\"wp-page\" data-elementor-id=\"3062\" class=\"elementor elementor-3062 elementor-723\" data-elementor-post-type=\"page\">\n\t\t\t\t\t\t<section class=\"elementor-section elementor-top-section elementor-element elementor-element-c16666e elementor-section-full_width elementor-section-height-default elementor-section-height-default\" data-id=\"c16666e\" data-element_type=\"section\">\n\t\t\t\t\t\t<div class=\"elementor-container elementor-column-gap-no\">\n\t\t\t\t\t<div class=\"elementor-column elementor-col-100 elementor-top-column elementor-element elementor-element-9d8d22e\" data-id=\"9d8d22e\" data-element_type=\"column\">\n\t\t\t<div class=\"elementor-widget-wrap elementor-element-populated\">\n\t\t\t\t\t\t<div class=\"elementor-element elementor-element-7603192 elementor-widget elementor-widget-template\" data-id=\"7603192\" data-element_type=\"widget\" data-widget_type=\"template.default\">\n\t\t\t\t<div class=\"elementor-widget-container\">\n\t\t\t\t\t\t\t<div class=\"elementor-template\">\n\t\t\t\t\t<div data-elementor-type=\"section\" data-elementor-id=\"717\" class=\"elementor elementor-717\" data-elementor-post-type=\"elementor_library\">\n\t\t\t\t\t<section class=\"elementor-section elementor-top-section elementor-element elementor-element-d40ba57 new-banner inner-page-banner elementor-section-boxed elementor-section-height-default elementor-section-height-default\" data-id=\"d40ba57\" data-element_type=\"section\" data-settings=\"{&quot;background_background&quot;:&quot;classic&quot;}\">\n\t\t\t\t\t\t\t<div class=\"elementor-background-overlay\"><\/div>\n\t\t\t\t\t\t\t<div class=\"elementor-container elementor-column-gap-default\">\n\t\t\t\t\t<div class=\"elementor-column elementor-col-100 elementor-top-column elementor-element elementor-element-7382d560\" data-id=\"7382d560\" data-element_type=\"column\">\n\t\t\t<div class=\"elementor-widget-wrap\">\n\t\t\t\t\t\t\t<\/div>\n\t\t<\/div>\n\t\t\t\t\t<\/div>\n\t\t<\/section>\n\t\t\t\t<section class=\"elementor-section elementor-top-section elementor-element elementor-element-4518e37 elementor-section-boxed elementor-section-height-default elementor-section-height-default\" data-id=\"4518e37\" data-element_type=\"section\">\n\t\t\t\t\t\t<div class=\"elementor-container elementor-column-gap-default\">\n\t\t\t\t\t<div class=\"elementor-column elementor-col-100 elementor-top-column elementor-element elementor-element-3afda94\" data-id=\"3afda94\" data-element_type=\"column\">\n\t\t\t<div class=\"elementor-widget-wrap elementor-element-populated\">\n\t\t\t\t\t\t<div class=\"elementor-element elementor-element-290f4af7 page-h1 title-default elementor-widget elementor-widget-heading\" data-id=\"290f4af7\" data-element_type=\"widget\" data-widget_type=\"heading.default\">\n\t\t\t\t<div class=\"elementor-widget-container\">\n\t\t\t\t\t<h1 class=\"elementor-heading-title elementor-size-default\">GG-Nedvac vacu\u00fcmglas<\/h1>\t\t\t\t<\/div>\n\t\t\t\t<\/div>\n\t\t\t\t\t<\/div>\n\t\t<\/div>\n\t\t\t\t\t<\/div>\n\t\t<\/section>\n\t\t\t\t<\/div>\n\t\t\t\t<\/div>\n\t\t\t\t\t\t<\/div>\n\t\t\t\t<\/div>\n\t\t\t\t\t<\/div>\n\t\t<\/div>\n\t\t\t\t\t<\/div>\n\t\t<\/section>\n\t\t\t\t<section class=\"elementor-section elementor-top-section elementor-element elementor-element-6818f76 section-2 inner-content elementor-section-boxed elementor-section-height-default elementor-section-height-default\" data-id=\"6818f76\" data-element_type=\"section\">\n\t\t\t\t\t\t<div class=\"elementor-container elementor-column-gap-default\">\n\t\t\t\t\t<div class=\"elementor-column elementor-col-100 elementor-top-column elementor-element elementor-element-ee3228b\" data-id=\"ee3228b\" data-element_type=\"column\">\n\t\t\t<div class=\"elementor-widget-wrap elementor-element-populated\">\n\t\t\t\t\t\t<div class=\"elementor-element elementor-element-622c3d0 elementor-widget elementor-widget-text-editor\" data-id=\"622c3d0\" data-element_type=\"widget\" data-widget_type=\"text-editor.default\">\n\t\t\t\t<div class=\"elementor-widget-container\">\n\t\t\t\t\t\t\t\t\t<p>Maar de mogelijkheden reiken verder want aan het glas kunnen verbeterde akoestische en\/ of inbraakwerende eigenschappen worden toegevoegd door het toepassen van extra folies en\/ of extra glasbladen.<\/p><p>Ultradun vacu\u00fcmglas heeft betere thermisch isolerende eigenschappen dan dubbelglas of drievoudig isolatieglas.<\/p><h3>Productvergelijk<\/h3><table><tbody><tr><th>\u00a0<\/th><th>Dikte &#8211; Opbouw<\/th><th>U-waarde<\/th><\/tr><tr><td>Enkelglas<\/td><td>5.8<\/td><td>4mm<br \/>Float 4mm<\/td><\/tr><tr><td>Voorzetraam<\/td><td>2.8<\/td><td>24mm<br \/>Spouw 20mm \u2013 Float 4mm<\/td><\/tr><tr><td>Standaard dubbelglas<\/td><td>2.8<\/td><td>21mm<br \/>Float 5 &#8211; 12mm -Float 4mm<\/td><\/tr><tr><td>HR++ dubbelglas<\/td><td>1.1<\/td><td>24mm<br \/>Float 4mm \u2013 15mm Argon \u2013 Low-E 4mm<\/td><\/tr><tr><td>HR+++ drievoudig glas<\/td><td>0.6<\/td><td>42mm<br \/>Low-E 4mm \u2013 15mm Argon \u2013 Float 4mm \u2013 15mm Argon \u2013 Low-E 4mm<\/td><\/tr><tr><td>GG-Nedvac Sapphire 0.45<\/td><td>0.45<\/td><td>8.2mm<br \/>Gehard 4mm \u2013 spouw 0.2mm \u2013 Gehard Gecoat 4mm<\/td><\/tr><tr><td>GG-Nedvac Sapphire 0.55<\/td><td>0.55<\/td><td>8.2mm<br \/>Gehard 4mm \u2013 spouw 0.2mm \u2013 Gehard Gecoat 4mm<\/td><\/tr><\/tbody><\/table>\t\t\t\t\t\t\t\t<\/div>\n\t\t\t\t<\/div>\n\t\t\t\t\t<\/div>\n\t\t<\/div>\n\t\t\t\t\t<\/div>\n\t\t<\/section>\n\t\t\t\t<section class=\"elementor-section elementor-top-section elementor-element elementor-element-700a6d3 elementor-section-full_width elementor-section-height-default elementor-section-height-default\" data-id=\"700a6d3\" data-element_type=\"section\">\n\t\t\t\t\t\t<div class=\"elementor-container elementor-column-gap-no\">\n\t\t\t\t\t<div class=\"elementor-column elementor-col-100 elementor-top-column elementor-element elementor-element-8ff99fe\" data-id=\"8ff99fe\" data-element_type=\"column\">\n\t\t\t<div class=\"elementor-widget-wrap elementor-element-populated\">\n\t\t\t\t\t\t<div class=\"elementor-element elementor-element-e008560 elementor-widget elementor-widget-template\" data-id=\"e008560\" data-element_type=\"widget\" data-widget_type=\"template.default\">\n\t\t\t\t<div class=\"elementor-widget-container\">\n\t\t\t\t\t\t\t<div class=\"elementor-template\">\n\t\t\t\t\t<div data-elementor-type=\"section\" data-elementor-id=\"2865\" class=\"elementor elementor-2865 elementor-756 elementor-756\" data-elementor-post-type=\"elementor_library\">\n\t\t\t\t\t<section class=\"elementor-section elementor-top-section elementor-element elementor-element-dc2d82a inner-bottom elementor-reverse-tablet elementor-reverse-mobile elementor-section-boxed elementor-section-height-default elementor-section-height-default\" data-id=\"dc2d82a\" data-element_type=\"section\">\n\t\t\t\t\t\t<div class=\"elementor-container elementor-column-gap-default\">\n\t\t\t\t\t<div class=\"elementor-column elementor-col-50 elementor-top-column elementor-element elementor-element-1456978e\" data-id=\"1456978e\" data-element_type=\"column\">\n\t\t\t<div class=\"elementor-widget-wrap elementor-element-populated\">\n\t\t\t\t\t\t<div class=\"elementor-element elementor-element-63521d2d elementor-widget elementor-widget-heading\" data-id=\"63521d2d\" data-element_type=\"widget\" data-widget_type=\"heading.default\">\n\t\t\t\t<div class=\"elementor-widget-container\">\n\t\t\t\t\t<h2 class=\"elementor-heading-title elementor-size-default\">Vorteile von GG-NedVac Vakuumglas<\/h2>\t\t\t\t<\/div>\n\t\t\t\t<\/div>\n\t\t\t\t<div class=\"elementor-element elementor-element-1d514773 elementor-icon-list--layout-traditional elementor-list-item-link-full_width elementor-widget elementor-widget-icon-list\" data-id=\"1d514773\" data-element_type=\"widget\" data-widget_type=\"icon-list.default\">\n\t\t\t\t<div class=\"elementor-widget-container\">\n\t\t\t\t\t\t\t<ul class=\"elementor-icon-list-items\">\n\t\t\t\t\t\t\t<li class=\"elementor-icon-list-item\">\n\t\t\t\t\t\t\t\t\t\t\t<span class=\"elementor-icon-list-icon\">\n\t\t\t\t\t\t\t<svg xmlns=\"http:\/\/www.w3.org\/2000\/svg\" viewBox=\"0 0 450.94 252.53\"><defs><style>.cls-1{fill:#09202d;}.cls-2{fill:#5bba9d;}<\/style><\/defs><g id=\"Layer_2\" data-name=\"Layer 2\"><g id=\"Laag_1\" data-name=\"Laag 1\"><polygon class=\"cls-1\" points=\"197.54 252.53 450.94 0 396.48 6.83 204.36 198.93 0 55.71 197.54 252.53\"><\/polygon><polygon class=\"cls-2\" points=\"360.95 11.29 208.69 162.65 215.2 108.84 307.04 17.81 360.95 11.29\"><\/polygon><polygon class=\"cls-2\" points=\"271.87 22.13 219.67 73.32 225.21 27.74 271.87 22.13\"><\/polygon><\/g><\/g><\/svg>\t\t\t\t\t\t<\/span>\n\t\t\t\t\t\t\t\t\t\t<span class=\"elementor-icon-list-text\">Hervorragender D\u00e4mmwert durch geringe W\u00e4rmeleitf\u00e4higkeit.<\/span>\n\t\t\t\t\t\t\t\t\t<\/li>\n\t\t\t\t\t\t\t\t<li class=\"elementor-icon-list-item\">\n\t\t\t\t\t\t\t\t\t\t\t<span class=\"elementor-icon-list-icon\">\n\t\t\t\t\t\t\t<svg xmlns=\"http:\/\/www.w3.org\/2000\/svg\" viewBox=\"0 0 450.94 252.53\"><defs><style>.cls-1{fill:#09202d;}.cls-2{fill:#5bba9d;}<\/style><\/defs><g id=\"Layer_2\" data-name=\"Layer 2\"><g id=\"Laag_1\" data-name=\"Laag 1\"><polygon class=\"cls-1\" points=\"197.54 252.53 450.94 0 396.48 6.83 204.36 198.93 0 55.71 197.54 252.53\"><\/polygon><polygon class=\"cls-2\" points=\"360.95 11.29 208.69 162.65 215.2 108.84 307.04 17.81 360.95 11.29\"><\/polygon><polygon class=\"cls-2\" points=\"271.87 22.13 219.67 73.32 225.21 27.74 271.87 22.13\"><\/polygon><\/g><\/g><\/svg>\t\t\t\t\t\t<\/span>\n\t\t\t\t\t\t\t\t\t\t<span class=\"elementor-icon-list-text\">Schallisolierend f\u00fcr ein ruhiges Raumklima<\/span>\n\t\t\t\t\t\t\t\t\t<\/li>\n\t\t\t\t\t\t\t\t<li class=\"elementor-icon-list-item\">\n\t\t\t\t\t\t\t\t\t\t\t<span class=\"elementor-icon-list-icon\">\n\t\t\t\t\t\t\t<svg xmlns=\"http:\/\/www.w3.org\/2000\/svg\" viewBox=\"0 0 450.94 252.53\"><defs><style>.cls-1{fill:#09202d;}.cls-2{fill:#5bba9d;}<\/style><\/defs><g id=\"Layer_2\" data-name=\"Layer 2\"><g id=\"Laag_1\" data-name=\"Laag 1\"><polygon class=\"cls-1\" points=\"197.54 252.53 450.94 0 396.48 6.83 204.36 198.93 0 55.71 197.54 252.53\"><\/polygon><polygon class=\"cls-2\" points=\"360.95 11.29 208.69 162.65 215.2 108.84 307.04 17.81 360.95 11.29\"><\/polygon><polygon class=\"cls-2\" points=\"271.87 22.13 219.67 73.32 225.21 27.74 271.87 22.13\"><\/polygon><\/g><\/g><\/svg>\t\t\t\t\t\t<\/span>\n\t\t\t\t\t\t\t\t\t\t<span class=\"elementor-icon-list-text\">Ultrad\u00fcnnes Profil, nur 6 bis 12 mm.<\/span>\n\t\t\t\t\t\t\t\t\t<\/li>\n\t\t\t\t\t\t\t\t<li class=\"elementor-icon-list-item\">\n\t\t\t\t\t\t\t\t\t\t\t<span class=\"elementor-icon-list-icon\">\n\t\t\t\t\t\t\t<svg xmlns=\"http:\/\/www.w3.org\/2000\/svg\" viewBox=\"0 0 450.94 252.53\"><defs><style>.cls-1{fill:#09202d;}.cls-2{fill:#5bba9d;}<\/style><\/defs><g id=\"Layer_2\" data-name=\"Layer 2\"><g id=\"Laag_1\" data-name=\"Laag 1\"><polygon class=\"cls-1\" points=\"197.54 252.53 450.94 0 396.48 6.83 204.36 198.93 0 55.71 197.54 252.53\"><\/polygon><polygon class=\"cls-2\" points=\"360.95 11.29 208.69 162.65 215.2 108.84 307.04 17.81 360.95 11.29\"><\/polygon><polygon class=\"cls-2\" points=\"271.87 22.13 219.67 73.32 225.21 27.74 271.87 22.13\"><\/polygon><\/g><\/g><\/svg>\t\t\t\t\t\t<\/span>\n\t\t\t\t\t\t\t\t\t\t<span class=\"elementor-icon-list-text\">Passend f\u00fcr bestehende Fensterrahmen.<\/span>\n\t\t\t\t\t\t\t\t\t<\/li>\n\t\t\t\t\t\t\t\t<li class=\"elementor-icon-list-item\">\n\t\t\t\t\t\t\t\t\t\t\t<span class=\"elementor-icon-list-icon\">\n\t\t\t\t\t\t\t<svg xmlns=\"http:\/\/www.w3.org\/2000\/svg\" viewBox=\"0 0 450.94 252.53\"><defs><style>.cls-1{fill:#09202d;}.cls-2{fill:#5bba9d;}<\/style><\/defs><g id=\"Layer_2\" data-name=\"Layer 2\"><g id=\"Laag_1\" data-name=\"Laag 1\"><polygon class=\"cls-1\" points=\"197.54 252.53 450.94 0 396.48 6.83 204.36 198.93 0 55.71 197.54 252.53\"><\/polygon><polygon class=\"cls-2\" points=\"360.95 11.29 208.69 162.65 215.2 108.84 307.04 17.81 360.95 11.29\"><\/polygon><polygon class=\"cls-2\" points=\"271.87 22.13 219.67 73.32 225.21 27.74 271.87 22.13\"><\/polygon><\/g><\/g><\/svg>\t\t\t\t\t\t<\/span>\n\t\t\t\t\t\t\t\t\t\t<span class=\"elementor-icon-list-text\">Geringes Gewicht.<\/span>\n\t\t\t\t\t\t\t\t\t<\/li>\n\t\t\t\t\t\t\t\t<li class=\"elementor-icon-list-item\">\n\t\t\t\t\t\t\t\t\t\t\t<span class=\"elementor-icon-list-icon\">\n\t\t\t\t\t\t\t<svg xmlns=\"http:\/\/www.w3.org\/2000\/svg\" viewBox=\"0 0 450.94 252.53\"><defs><style>.cls-1{fill:#09202d;}.cls-2{fill:#5bba9d;}<\/style><\/defs><g id=\"Layer_2\" data-name=\"Layer 2\"><g id=\"Laag_1\" data-name=\"Laag 1\"><polygon class=\"cls-1\" points=\"197.54 252.53 450.94 0 396.48 6.83 204.36 198.93 0 55.71 197.54 252.53\"><\/polygon><polygon class=\"cls-2\" points=\"360.95 11.29 208.69 162.65 215.2 108.84 307.04 17.81 360.95 11.29\"><\/polygon><polygon class=\"cls-2\" points=\"271.87 22.13 219.67 73.32 225.21 27.74 271.87 22.13\"><\/polygon><\/g><\/g><\/svg>\t\t\t\t\t\t<\/span>\n\t\t\t\t\t\t\t\t\t\t<span class=\"elementor-icon-list-text\">Visuelle Oberfl\u00e4che, bei der die Grenze zwischen Innen und Au\u00dfen verschwimmt.<\/span>\n\t\t\t\t\t\t\t\t\t<\/li>\n\t\t\t\t\t\t\t\t<li class=\"elementor-icon-list-item\">\n\t\t\t\t\t\t\t\t\t\t\t<span class=\"elementor-icon-list-icon\">\n\t\t\t\t\t\t\t<svg xmlns=\"http:\/\/www.w3.org\/2000\/svg\" viewBox=\"0 0 450.94 252.53\"><defs><style>.cls-1{fill:#09202d;}.cls-2{fill:#5bba9d;}<\/style><\/defs><g id=\"Layer_2\" data-name=\"Layer 2\"><g id=\"Laag_1\" data-name=\"Laag 1\"><polygon class=\"cls-1\" points=\"197.54 252.53 450.94 0 396.48 6.83 204.36 198.93 0 55.71 197.54 252.53\"><\/polygon><polygon class=\"cls-2\" points=\"360.95 11.29 208.69 162.65 215.2 108.84 307.04 17.81 360.95 11.29\"><\/polygon><polygon class=\"cls-2\" points=\"271.87 22.13 219.67 73.32 225.21 27.74 271.87 22.13\"><\/polygon><\/g><\/g><\/svg>\t\t\t\t\t\t<\/span>\n\t\t\t\t\t\t\t\t\t\t<span class=\"elementor-icon-list-text\">Keine Kondensation im Inneren bei niedrigen Temperaturen.<\/span>\n\t\t\t\t\t\t\t\t\t<\/li>\n\t\t\t\t\t\t\t\t<li class=\"elementor-icon-list-item\">\n\t\t\t\t\t\t\t\t\t\t\t<span class=\"elementor-icon-list-icon\">\n\t\t\t\t\t\t\t<svg xmlns=\"http:\/\/www.w3.org\/2000\/svg\" viewBox=\"0 0 450.94 252.53\"><defs><style>.cls-1{fill:#09202d;}.cls-2{fill:#5bba9d;}<\/style><\/defs><g id=\"Layer_2\" data-name=\"Layer 2\"><g id=\"Laag_1\" data-name=\"Laag 1\"><polygon class=\"cls-1\" points=\"197.54 252.53 450.94 0 396.48 6.83 204.36 198.93 0 55.71 197.54 252.53\"><\/polygon><polygon class=\"cls-2\" points=\"360.95 11.29 208.69 162.65 215.2 108.84 307.04 17.81 360.95 11.29\"><\/polygon><polygon class=\"cls-2\" points=\"271.87 22.13 219.67 73.32 225.21 27.74 271.87 22.13\"><\/polygon><\/g><\/g><\/svg>\t\t\t\t\t\t<\/span>\n\t\t\t\t\t\t\t\t\t\t<span class=\"elementor-icon-list-text\">Sicherheitsglas, vollst\u00e4ndig geh\u00e4rtetes Glas.<\/span>\n\t\t\t\t\t\t\t\t\t<\/li>\n\t\t\t\t\t\t\t\t<li class=\"elementor-icon-list-item\">\n\t\t\t\t\t\t\t\t\t\t\t<span class=\"elementor-icon-list-icon\">\n\t\t\t\t\t\t\t<svg xmlns=\"http:\/\/www.w3.org\/2000\/svg\" viewBox=\"0 0 450.94 252.53\"><defs><style>.cls-1{fill:#09202d;}.cls-2{fill:#5bba9d;}<\/style><\/defs><g id=\"Layer_2\" data-name=\"Layer 2\"><g id=\"Laag_1\" data-name=\"Laag 1\"><polygon class=\"cls-1\" points=\"197.54 252.53 450.94 0 396.48 6.83 204.36 198.93 0 55.71 197.54 252.53\"><\/polygon><polygon class=\"cls-2\" points=\"360.95 11.29 208.69 162.65 215.2 108.84 307.04 17.81 360.95 11.29\"><\/polygon><polygon class=\"cls-2\" points=\"271.87 22.13 219.67 73.32 225.21 27.74 271.87 22.13\"><\/polygon><\/g><\/g><\/svg>\t\t\t\t\t\t<\/span>\n\t\t\t\t\t\t\t\t\t\t<span class=\"elementor-icon-list-text\">Lange Lebensdauer, die Qualit\u00e4t bleibt \u00fcber die Jahre gleich.<\/span>\n\t\t\t\t\t\t\t\t\t<\/li>\n\t\t\t\t\t\t<\/ul>\n\t\t\t\t\t\t<\/div>\n\t\t\t\t<\/div>\n\t\t\t\t\t<\/div>\n\t\t<\/div>\n\t\t\t\t<div class=\"elementor-column elementor-col-50 elementor-top-column elementor-element elementor-element-411151ee fix-height\" data-id=\"411151ee\" data-element_type=\"column\" data-settings=\"{&quot;background_background&quot;:&quot;classic&quot;}\">\n\t\t\t<div class=\"elementor-widget-wrap\">\n\t\t\t\t\t\t\t<\/div>\n\t\t<\/div>\n\t\t\t\t\t<\/div>\n\t\t<\/section>\n\t\t\t\t<\/div>\n\t\t\t\t<\/div>\n\t\t\t\t\t\t<\/div>\n\t\t\t\t<\/div>\n\t\t\t\t\t<\/div>\n\t\t<\/div>\n\t\t\t\t\t<\/div>\n\t\t<\/section>\n\t\t\t\t<\/div>\n\t\t","protected":false},"excerpt":{"rendered":"<p>Maar de mogelijkheden reiken verder want aan het glas kunnen verbeterde akoestische en\/ of inbraakwerende eigenschappen worden toegevoegd door het toepassen van extra folies en\/ of extra glasbladen. Ultradun vacu\u00fcmglas heeft betere thermisch isolerende eigenschappen dan dubbelglas of drievoudig isolatieglas. Productvergelijk \u00a0 Dikte &#8211; Opbouw U-waarde Enkelglas 5.8 4mmFloat 4mm Voorzetraam 2.8 24mmSpouw 20mm \u2013 [&hellip;]<\/p>\n","protected":false},"author":1,"featured_media":0,"parent":0,"menu_order":74,"comment_status":"closed","ping_status":"closed","template":"","meta":{"_acf_changed":false,"inline_featured_image":false,"footnotes":""},"class_list":["post-3062","page","type-page","status-publish","hentry"],"acf":[],"yoast_head":"<!-- This site is optimized with the Yoast SEO plugin v27.5 - https:\/\/yoast.com\/product\/yoast-seo-wordpress\/ -->\n<title>GG-Nedvac vacu\u00fcmglas - Vacuum glas<\/title>\n<meta name=\"description\" content=\"GG-Nedvac vacu\u00fcmglas - Ultradun vacu\u00fcmglas heeft betere thermisch isolerende eigenschappen dan dubbelglas of drievoudig isolatieglas.\" \/>\n<meta name=\"robots\" content=\"index, follow, max-snippet:-1, max-image-preview:large, max-video-preview:-1\" \/>\n<link rel=\"canonical\" href=\"https:\/\/www.vacuum-glas.eu\/de\/nedvac-vacuumglas\/\" \/>\n<meta property=\"og:locale\" content=\"de_DE\" \/>\n<meta property=\"og:type\" content=\"article\" \/>\n<meta property=\"og:title\" content=\"GG-Nedvac vacu\u00fcmglas - Vacuum glas\" \/>\n<meta property=\"og:description\" content=\"GG-Nedvac vacu\u00fcmglas - Ultradun vacu\u00fcmglas heeft betere thermisch isolerende eigenschappen dan dubbelglas of drievoudig isolatieglas.\" \/>\n<meta property=\"og:url\" content=\"https:\/\/www.vacuum-glas.eu\/de\/nedvac-vacuumglas\/\" \/>\n<meta property=\"og:site_name\" content=\"Vacuum glas\" \/>\n<meta property=\"article:modified_time\" content=\"2025-09-19T08:38:14+00:00\" \/>\n<meta name=\"twitter:card\" content=\"summary_large_image\" \/>\n<meta name=\"twitter:label1\" content=\"Gesch\u00e4tzte Lesezeit\" \/>\n\t<meta name=\"twitter:data1\" content=\"1\u00a0Minute\" \/>\n<script type=\"application\/ld+json\" class=\"yoast-schema-graph\">{\"@context\":\"https:\\\/\\\/schema.org\",\"@graph\":[{\"@type\":\"WebPage\",\"@id\":\"https:\\\/\\\/www.vacuum-glas.eu\\\/de\\\/nedvac-vacuumglas\\\/\",\"url\":\"https:\\\/\\\/www.vacuum-glas.eu\\\/de\\\/nedvac-vacuumglas\\\/\",\"name\":\"GG-Nedvac vacu\u00fcmglas - Vacuum glas\",\"isPartOf\":{\"@id\":\"https:\\\/\\\/www.vacuum-glas.eu\\\/de\\\/#website\"},\"datePublished\":\"2023-06-19T09:12:35+00:00\",\"dateModified\":\"2025-09-19T08:38:14+00:00\",\"description\":\"GG-Nedvac vacu\u00fcmglas - Ultradun vacu\u00fcmglas heeft betere thermisch isolerende eigenschappen dan dubbelglas of drievoudig isolatieglas.\",\"breadcrumb\":{\"@id\":\"https:\\\/\\\/www.vacuum-glas.eu\\\/de\\\/nedvac-vacuumglas\\\/#breadcrumb\"},\"inLanguage\":\"de\",\"potentialAction\":[{\"@type\":\"ReadAction\",\"target\":[\"https:\\\/\\\/www.vacuum-glas.eu\\\/de\\\/nedvac-vacuumglas\\\/\"]}]},{\"@type\":\"BreadcrumbList\",\"@id\":\"https:\\\/\\\/www.vacuum-glas.eu\\\/de\\\/nedvac-vacuumglas\\\/#breadcrumb\",\"itemListElement\":[{\"@type\":\"ListItem\",\"position\":1,\"name\":\"Home\",\"item\":\"https:\\\/\\\/www.vacuum-glas.eu\\\/de\\\/\"},{\"@type\":\"ListItem\",\"position\":2,\"name\":\"GG-Nedvac vacu\u00fcmglas\"}]},{\"@type\":\"WebSite\",\"@id\":\"https:\\\/\\\/www.vacuum-glas.eu\\\/de\\\/#website\",\"url\":\"https:\\\/\\\/www.vacuum-glas.eu\\\/de\\\/\",\"name\":\"Vacuum glas\",\"description\":\"Insulation value for the future\",\"publisher\":{\"@id\":\"https:\\\/\\\/www.vacuum-glas.eu\\\/de\\\/#organization\"},\"potentialAction\":[{\"@type\":\"SearchAction\",\"target\":{\"@type\":\"EntryPoint\",\"urlTemplate\":\"https:\\\/\\\/www.vacuum-glas.eu\\\/de\\\/?s={search_term_string}\"},\"query-input\":{\"@type\":\"PropertyValueSpecification\",\"valueRequired\":true,\"valueName\":\"search_term_string\"}}],\"inLanguage\":\"de\"},{\"@type\":\"Organization\",\"@id\":\"https:\\\/\\\/www.vacuum-glas.eu\\\/de\\\/#organization\",\"name\":\"Vacuum glas\",\"url\":\"https:\\\/\\\/www.vacuum-glas.eu\\\/de\\\/\",\"logo\":{\"@type\":\"ImageObject\",\"inLanguage\":\"de\",\"@id\":\"https:\\\/\\\/www.vacuum-glas.eu\\\/de\\\/#\\\/schema\\\/logo\\\/image\\\/\",\"url\":\"https:\\\/\\\/www.vacuum-glas.eu\\\/wp-content\\\/uploads\\\/2023\\\/05\\\/logo.png\",\"contentUrl\":\"https:\\\/\\\/www.vacuum-glas.eu\\\/wp-content\\\/uploads\\\/2023\\\/05\\\/logo.png\",\"width\":268,\"height\":108,\"caption\":\"Vacuum glas\"},\"image\":{\"@id\":\"https:\\\/\\\/www.vacuum-glas.eu\\\/de\\\/#\\\/schema\\\/logo\\\/image\\\/\"}}]}<\/script>\n<!-- \/ Yoast SEO plugin. -->","yoast_head_json":{"title":"GG-Nedvac vacu\u00fcmglas - Vacuum glas","description":"GG-Nedvac vacu\u00fcmglas - Ultradun vacu\u00fcmglas heeft betere thermisch isolerende eigenschappen dan dubbelglas of drievoudig isolatieglas.","robots":{"index":"index","follow":"follow","max-snippet":"max-snippet:-1","max-image-preview":"max-image-preview:large","max-video-preview":"max-video-preview:-1"},"canonical":"https:\/\/www.vacuum-glas.eu\/de\/nedvac-vacuumglas\/","og_locale":"de_DE","og_type":"article","og_title":"GG-Nedvac vacu\u00fcmglas - Vacuum glas","og_description":"GG-Nedvac vacu\u00fcmglas - Ultradun vacu\u00fcmglas heeft betere thermisch isolerende eigenschappen dan dubbelglas of drievoudig isolatieglas.","og_url":"https:\/\/www.vacuum-glas.eu\/de\/nedvac-vacuumglas\/","og_site_name":"Vacuum glas","article_modified_time":"2025-09-19T08:38:14+00:00","twitter_card":"summary_large_image","twitter_misc":{"Gesch\u00e4tzte Lesezeit":"1\u00a0Minute"},"schema":{"@context":"https:\/\/schema.org","@graph":[{"@type":"WebPage","@id":"https:\/\/www.vacuum-glas.eu\/de\/nedvac-vacuumglas\/","url":"https:\/\/www.vacuum-glas.eu\/de\/nedvac-vacuumglas\/","name":"GG-Nedvac vacu\u00fcmglas - Vacuum glas","isPartOf":{"@id":"https:\/\/www.vacuum-glas.eu\/de\/#website"},"datePublished":"2023-06-19T09:12:35+00:00","dateModified":"2025-09-19T08:38:14+00:00","description":"GG-Nedvac vacu\u00fcmglas - Ultradun vacu\u00fcmglas heeft betere thermisch isolerende eigenschappen dan dubbelglas of drievoudig isolatieglas.","breadcrumb":{"@id":"https:\/\/www.vacuum-glas.eu\/de\/nedvac-vacuumglas\/#breadcrumb"},"inLanguage":"de","potentialAction":[{"@type":"ReadAction","target":["https:\/\/www.vacuum-glas.eu\/de\/nedvac-vacuumglas\/"]}]},{"@type":"BreadcrumbList","@id":"https:\/\/www.vacuum-glas.eu\/de\/nedvac-vacuumglas\/#breadcrumb","itemListElement":[{"@type":"ListItem","position":1,"name":"Home","item":"https:\/\/www.vacuum-glas.eu\/de\/"},{"@type":"ListItem","position":2,"name":"GG-Nedvac vacu\u00fcmglas"}]},{"@type":"WebSite","@id":"https:\/\/www.vacuum-glas.eu\/de\/#website","url":"https:\/\/www.vacuum-glas.eu\/de\/","name":"Vacuum glas","description":"Insulation value for the future","publisher":{"@id":"https:\/\/www.vacuum-glas.eu\/de\/#organization"},"potentialAction":[{"@type":"SearchAction","target":{"@type":"EntryPoint","urlTemplate":"https:\/\/www.vacuum-glas.eu\/de\/?s={search_term_string}"},"query-input":{"@type":"PropertyValueSpecification","valueRequired":true,"valueName":"search_term_string"}}],"inLanguage":"de"},{"@type":"Organization","@id":"https:\/\/www.vacuum-glas.eu\/de\/#organization","name":"Vacuum glas","url":"https:\/\/www.vacuum-glas.eu\/de\/","logo":{"@type":"ImageObject","inLanguage":"de","@id":"https:\/\/www.vacuum-glas.eu\/de\/#\/schema\/logo\/image\/","url":"https:\/\/www.vacuum-glas.eu\/wp-content\/uploads\/2023\/05\/logo.png","contentUrl":"https:\/\/www.vacuum-glas.eu\/wp-content\/uploads\/2023\/05\/logo.png","width":268,"height":108,"caption":"Vacuum glas"},"image":{"@id":"https:\/\/www.vacuum-glas.eu\/de\/#\/schema\/logo\/image\/"}}]}},"_links":{"self":[{"href":"https:\/\/www.vacuum-glas.eu\/de\/wp-json\/wp\/v2\/pages\/3062","targetHints":{"allow":["GET"]}}],"collection":[{"href":"https:\/\/www.vacuum-glas.eu\/de\/wp-json\/wp\/v2\/pages"}],"about":[{"href":"https:\/\/www.vacuum-glas.eu\/de\/wp-json\/wp\/v2\/types\/page"}],"author":[{"embeddable":true,"href":"https:\/\/www.vacuum-glas.eu\/de\/wp-json\/wp\/v2\/users\/1"}],"replies":[{"embeddable":true,"href":"https:\/\/www.vacuum-glas.eu\/de\/wp-json\/wp\/v2\/comments?post=3062"}],"version-history":[{"count":12,"href":"https:\/\/www.vacuum-glas.eu\/de\/wp-json\/wp\/v2\/pages\/3062\/revisions"}],"predecessor-version":[{"id":3771,"href":"https:\/\/www.vacuum-glas.eu\/de\/wp-json\/wp\/v2\/pages\/3062\/revisions\/3771"}],"wp:attachment":[{"href":"https:\/\/www.vacuum-glas.eu\/de\/wp-json\/wp\/v2\/media?parent=3062"}],"curies":[{"name":"wp","href":"https:\/\/api.w.org\/{rel}","templated":true}]}}