{"id":2900,"date":"2024-03-28T09:21:00","date_gmt":"2024-03-28T09:21:00","guid":{"rendered":"https:\/\/www.vacuum-glas.eu\/privat\/voordelen-vacuumglas\/"},"modified":"2024-10-21T12:44:07","modified_gmt":"2024-10-21T12:44:07","slug":"vorteile-von-vakuumglas","status":"publish","type":"page","link":"https:\/\/www.vacuum-glas.eu\/de\/privat\/vorteile-von-vakuumglas\/","title":{"rendered":"Vorteile von Vakuumglas"},"content":{"rendered":"\t\t<div data-elementor-type=\"wp-page\" data-elementor-id=\"2900\" class=\"elementor elementor-2900 elementor-1263\" data-elementor-post-type=\"page\">\n\t\t\t\t\t\t<section class=\"elementor-section elementor-top-section elementor-element elementor-element-ffa7049 elementor-section-full_width elementor-section-height-default elementor-section-height-default\" data-id=\"ffa7049\" data-element_type=\"section\">\n\t\t\t\t\t\t<div class=\"elementor-container elementor-column-gap-no\">\n\t\t\t\t\t<div class=\"elementor-column elementor-col-100 elementor-top-column elementor-element elementor-element-0985897\" data-id=\"0985897\" data-element_type=\"column\">\n\t\t\t<div class=\"elementor-widget-wrap elementor-element-populated\">\n\t\t\t\t\t\t<div class=\"elementor-element elementor-element-bc50f09 elementor-widget elementor-widget-particulier_custom\" data-id=\"bc50f09\" data-element_type=\"widget\" data-widget_type=\"particulier_custom.default\">\n\t\t\t\t<div class=\"elementor-widget-container\">\n\t\t\t\t\t\n                    <div class=\"particulier_custom\">\n                                                        <div class=\"item\" style=\"background-image: url(https:\/\/www.vacuum-glas.eu\/wp-content\/uploads\/2024\/10\/vacuum-glas-isolatie-1.jpg);\">\n                        <div class=\"box\">\n                                                            <h1>Alles, was Sie \u00fcber Vakuumisolierglas wissen m\u00fcssen:<br>Ihr Leitfaden f\u00fcr maximale Isolierung und Energieeinsparung<\/h1>\n                                                    <\/div>\n                    <\/div>\n                            <\/div>\n        \t\t\t\t<\/div>\n\t\t\t\t<\/div>\n\t\t\t\t\t<\/div>\n\t\t<\/div>\n\t\t\t\t\t<\/div>\n\t\t<\/section>\n\t\t\t\t<section class=\"elementor-section elementor-top-section elementor-element elementor-element-6818f76 section-2 inner-content elementor-section-boxed elementor-section-height-default elementor-section-height-default\" data-id=\"6818f76\" data-element_type=\"section\">\n\t\t\t\t\t\t<div class=\"elementor-container elementor-column-gap-default\">\n\t\t\t\t\t<div class=\"elementor-column elementor-col-100 elementor-top-column elementor-element elementor-element-ee3228b\" data-id=\"ee3228b\" data-element_type=\"column\">\n\t\t\t<div class=\"elementor-widget-wrap elementor-element-populated\">\n\t\t\t\t\t\t<div class=\"elementor-element elementor-element-a12c25e elementor-widget elementor-widget-heading\" data-id=\"a12c25e\" data-element_type=\"widget\" data-widget_type=\"heading.default\">\n\t\t\t\t<div class=\"elementor-widget-container\">\n\t\t\t\t\t<h2 class=\"elementor-heading-title elementor-size-default\">1. Hervorragender Isolationswert aufgrund geringer W\u00e4rmeleitf\u00e4higkeit<\/h2>\t\t\t\t<\/div>\n\t\t\t\t<\/div>\n\t\t\t\t<div class=\"elementor-element elementor-element-622c3d0 elementor-widget elementor-widget-text-editor\" data-id=\"622c3d0\" data-element_type=\"widget\" data-widget_type=\"text-editor.default\">\n\t\t\t\t<div class=\"elementor-widget-container\">\n\t\t\t\t\t\t\t\t\t<p><span style=\"font-weight: normal;\">Vakuumglas hat den h\u00f6chsten Isolationswert aller existierenden Glasarten. Das Vakuum zwischen den Glasscheiben minimiert die W\u00e4rme\u00fcbertragung durch W\u00e4rmeleitung. Dies f\u00fchrt zu geringeren Energiekosten, da im Winter weniger W\u00e4rme verloren geht und auch im Sommer, wenn weniger W\u00e4rme eintrifft, die Klimaanlage um eine Stufe heruntergedreht werden kann.<\/span><\/p>\t\t\t\t\t\t\t\t<\/div>\n\t\t\t\t<\/div>\n\t\t\t\t<div class=\"elementor-element elementor-element-3852c38 elementor-widget elementor-widget-heading\" data-id=\"3852c38\" data-element_type=\"widget\" data-widget_type=\"heading.default\">\n\t\t\t\t<div class=\"elementor-widget-container\">\n\t\t\t\t\t<h2 class=\"elementor-heading-title elementor-size-default\">2. Schallisoliert f\u00fcr ein ruhiges Raumklima<\/h2>\t\t\t\t<\/div>\n\t\t\t\t<\/div>\n\t\t\t\t<div class=\"elementor-element elementor-element-454c706 elementor-widget elementor-widget-text-editor\" data-id=\"454c706\" data-element_type=\"widget\" data-widget_type=\"text-editor.default\">\n\t\t\t\t<div class=\"elementor-widget-container\">\n\t\t\t\t\t\t\t\t\t<p>Vakuumglas isoliert nicht nur hervorragend gegen Hitze, sondern blockiert auch gut den Schall. Das Medium zur Schall\u00fcbertragung ist Luft. Das Vakuum verhindert, dass Schall durch das Glas dringt, und nur Vibrationen gelangen durch das Glas und an die Glaskanten, wodurch Vakuumverglasungen im Vergleich zu normalem Glas eine viel geringere Schall\u00fcbertragungsrate aufweisen. Dadurch entsteht ein ruhigeres Raumklima.<\/p>\t\t\t\t\t\t\t\t<\/div>\n\t\t\t\t<\/div>\n\t\t\t\t<div class=\"elementor-element elementor-element-04e8afd elementor-widget elementor-widget-heading\" data-id=\"04e8afd\" data-element_type=\"widget\" data-widget_type=\"heading.default\">\n\t\t\t\t<div class=\"elementor-widget-container\">\n\t\t\t\t\t<h2 class=\"elementor-heading-title elementor-size-default\">3. Ultrad\u00fcnnes Profil, nur 6 bis 12 mm<\/h2>\t\t\t\t<\/div>\n\t\t\t\t<\/div>\n\t\t\t\t<div class=\"elementor-element elementor-element-279f496 elementor-widget elementor-widget-text-editor\" data-id=\"279f496\" data-element_type=\"widget\" data-widget_type=\"text-editor.default\">\n\t\t\t\t<div class=\"elementor-widget-container\">\n\t\t\t\t\t\t\t\t\t<p>Vakuumisolierglas ist d\u00fcnner als herk\u00f6mmliches Isolierglas, was zu schlankeren Fensterprofilen und einer gr\u00f6\u00dferen Glasfl\u00e4che f\u00fchrt. Dadurch wird die Lichtmenge, die in Geb\u00e4ude eindringt, maximiert. Vakuumglas ist viermal d\u00fcnner als Dreifachglas.<\/p>\t\t\t\t\t\t\t\t<\/div>\n\t\t\t\t<\/div>\n\t\t\t\t<div class=\"elementor-element elementor-element-a6d22c9 elementor-widget elementor-widget-heading\" data-id=\"a6d22c9\" data-element_type=\"widget\" data-widget_type=\"heading.default\">\n\t\t\t\t<div class=\"elementor-widget-container\">\n\t\t\t\t\t<h2 class=\"elementor-heading-title elementor-size-default\">4. Geeignet f\u00fcr vorhandene Fensterrahmen<\/h2>\t\t\t\t<\/div>\n\t\t\t\t<\/div>\n\t\t\t\t<div class=\"elementor-element elementor-element-f89a72c elementor-widget elementor-widget-text-editor\" data-id=\"f89a72c\" data-element_type=\"widget\" data-widget_type=\"text-editor.default\">\n\t\t\t\t<div class=\"elementor-widget-container\">\n\t\t\t\t\t\t\t\t\t<p>Da das Glas so d\u00fcnn ist, eignet sich Vakuumisolierglas f\u00fcr bestehende Fensterrahmen. Es ist so d\u00fcnn, dass man es sogar in sehr alten Geb\u00e4uden installieren kann. M\u00f6chten Sie in einem Denkmal neue Fenster mit hohem D\u00e4mmwert einbauen? Vakuumglas ist die beste Wahl. Pr\u00fcfen Sie immer, ob hierf\u00fcr eine Genehmigung erforderlich ist.<\/p>\t\t\t\t\t\t\t\t<\/div>\n\t\t\t\t<\/div>\n\t\t\t\t<div class=\"elementor-element elementor-element-7f0a092 elementor-widget elementor-widget-heading\" data-id=\"7f0a092\" data-element_type=\"widget\" data-widget_type=\"heading.default\">\n\t\t\t\t<div class=\"elementor-widget-container\">\n\t\t\t\t\t<h2 class=\"elementor-heading-title elementor-size-default\">5. Geringes Gewicht<\/h2>\t\t\t\t<\/div>\n\t\t\t\t<\/div>\n\t\t\t\t<div class=\"elementor-element elementor-element-7361fad elementor-widget elementor-widget-text-editor\" data-id=\"7361fad\" data-element_type=\"widget\" data-widget_type=\"text-editor.default\">\n\t\t\t\t<div class=\"elementor-widget-container\">\n\t\t\t\t\t\t\t\t\t<p>Da sich zwischen den Glasschichten keine Stoffe befinden, wird das Gewicht des Glases erheblich reduziert, und es ist im Vergleich zu herk\u00f6mmlichem Isolierglas leichter. Dies erleichtert nicht nur die Handhabung und Installation, sondern eignet sich auch f\u00fcr Anwendungen, bei denen Gewichtsbeschr\u00e4nkungen eine Rolle spielen, beispielsweise bei Konstruktionen mit begrenzter Tragf\u00e4higkeit.<\/p>\t\t\t\t\t\t\t\t<\/div>\n\t\t\t\t<\/div>\n\t\t\t\t<div class=\"elementor-element elementor-element-a754a44 elementor-widget elementor-widget-heading\" data-id=\"a754a44\" data-element_type=\"widget\" data-widget_type=\"heading.default\">\n\t\t\t\t<div class=\"elementor-widget-container\">\n\t\t\t\t\t<h2 class=\"elementor-heading-title elementor-size-default\">6. Sichtfl\u00e4che<\/h2>\t\t\t\t<\/div>\n\t\t\t\t<\/div>\n\t\t\t\t<div class=\"elementor-element elementor-element-b7b982c elementor-widget elementor-widget-text-editor\" data-id=\"b7b982c\" data-element_type=\"widget\" data-widget_type=\"text-editor.default\">\n\t\t\t\t<div class=\"elementor-widget-container\">\n\t\t\t\t\t\t\t\t\t<p>Die Sichtfl\u00e4che aus Vakuumisolierglas bietet ein einzigartiges Seherlebnis und unterscheidet sich von herk\u00f6mmlichen Glasprodukten. Mit seinem ultrad\u00fcnnen Profil bietet Vakuumglas eine unvergleichliche Aussicht, die die Grenzen zwischen Innen und Au\u00dfen verschwimmen l\u00e4sst.<\/p>\t\t\t\t\t\t\t\t<\/div>\n\t\t\t\t<\/div>\n\t\t\t\t<div class=\"elementor-element elementor-element-fa717c1 elementor-widget elementor-widget-heading\" data-id=\"fa717c1\" data-element_type=\"widget\" data-widget_type=\"heading.default\">\n\t\t\t\t<div class=\"elementor-widget-container\">\n\t\t\t\t\t<h2 class=\"elementor-heading-title elementor-size-default\">7. Keine Kondensation im Inneren bei niedrigen Temperaturen<\/h2>\t\t\t\t<\/div>\n\t\t\t\t<\/div>\n\t\t\t\t<div class=\"elementor-element elementor-element-b6535c3 elementor-widget elementor-widget-text-editor\" data-id=\"b6535c3\" data-element_type=\"widget\" data-widget_type=\"text-editor.default\">\n\t\t\t\t<div class=\"elementor-widget-container\">\n\t\t\t\t\t\t\t\t\t<p>Vakuumisolierglas bleibt kondensationsfrei, wenn der Temperaturunterschied zwischen Innen- und Au\u00dfenglasscheiben 70 \u00b0C erreicht. Es garantiert die Glasdurchsichtigkeit, die auch in der K\u00fchlindustrie verwendet wird.<\/p>\t\t\t\t\t\t\t\t<\/div>\n\t\t\t\t<\/div>\n\t\t\t\t<div class=\"elementor-element elementor-element-45b7b6d elementor-widget elementor-widget-heading\" data-id=\"45b7b6d\" data-element_type=\"widget\" data-widget_type=\"heading.default\">\n\t\t\t\t<div class=\"elementor-widget-container\">\n\t\t\t\t\t<h2 class=\"elementor-heading-title elementor-size-default\">8. Sicherheitsglas<\/h2>\t\t\t\t<\/div>\n\t\t\t\t<\/div>\n\t\t\t\t<div class=\"elementor-element elementor-element-5932b9c elementor-widget elementor-widget-text-editor\" data-id=\"5932b9c\" data-element_type=\"widget\" data-widget_type=\"text-editor.default\">\n\t\t\t\t<div class=\"elementor-widget-container\">\n\t\t\t\t\t\t\t\t\t<p>Die vollst\u00e4ndig geh\u00e4rtete Vakuumverglasung besteht aus zwei Teilen vollst\u00e4ndig geh\u00e4rtetem Glas. Das verwendete geh\u00e4rtete Glas entspricht der Norm EN12150 und widersteht auch St\u00f6\u00dfen gem\u00e4\u00df den Tests EN6276 und ASTM Z97. Dies sorgt f\u00fcr einen massiven Einsatz in der Glasfassade und beugt m\u00f6glichen Verletzungen vor. Vakuumisolierglas kann auch zu Vakuum-Verbundglas oder Vakuum-Isolierglas weiterverarbeitet werden, um die Sicherheitsleistung weiter zu verbessern.<\/p>\t\t\t\t\t\t\t\t<\/div>\n\t\t\t\t<\/div>\n\t\t\t\t<div class=\"elementor-element elementor-element-78326fb elementor-widget elementor-widget-heading\" data-id=\"78326fb\" data-element_type=\"widget\" data-widget_type=\"heading.default\">\n\t\t\t\t<div class=\"elementor-widget-container\">\n\t\t\t\t\t<h2 class=\"elementor-heading-title elementor-size-default\">9. Lange Lebensdauer<\/h2>\t\t\t\t<\/div>\n\t\t\t\t<\/div>\n\t\t\t\t<div class=\"elementor-element elementor-element-ae983c1 elementor-widget elementor-widget-text-editor\" data-id=\"ae983c1\" data-element_type=\"widget\" data-widget_type=\"text-editor.default\">\n\t\t\t\t<div class=\"elementor-widget-container\">\n\t\t\t\t\t\t\t\t\t<p>Da Vakuumisolierglas weniger empfindlich gegen\u00fcber Kondensation und Luftaustritt ist, hat es im Allgemeinen eine l\u00e4ngere Lebensdauer als herk\u00f6mmliches Isolierglas. Der gro\u00dfe Vorteil von Vakuumglas besteht darin, dass die Qualit\u00e4t \u00fcber diese Jahre hinweg gleich bleibt, w\u00e4hrend die Isolierwirkung anderer Glasarten mit der Zeit nachl\u00e4sst.<\/p>\t\t\t\t\t\t\t\t<\/div>\n\t\t\t\t<\/div>\n\t\t\t\t\t<\/div>\n\t\t<\/div>\n\t\t\t\t\t<\/div>\n\t\t<\/section>\n\t\t\t\t<\/div>\n\t\t","protected":false},"excerpt":{"rendered":"<p>Alles, was Sie \u00fcber Vakuumisolierglas wissen m\u00fcssen:Ihr Leitfaden f\u00fcr maximale Isolierung und Energieeinsparung 1. Hervorragender Isolationswert aufgrund geringer W\u00e4rmeleitf\u00e4higkeit Vakuumglas hat den h\u00f6chsten Isolationswert aller existierenden Glasarten. Das Vakuum zwischen den Glasscheiben minimiert die W\u00e4rme\u00fcbertragung durch W\u00e4rmeleitung. Dies f\u00fchrt zu geringeren Energiekosten, da im Winter weniger W\u00e4rme verloren geht und auch im Sommer, wenn weniger [&hellip;]<\/p>\n","protected":false},"author":1,"featured_media":2471,"parent":2800,"menu_order":67,"comment_status":"closed","ping_status":"closed","template":"","meta":{"_acf_changed":false,"inline_featured_image":false,"footnotes":""},"class_list":["post-2900","page","type-page","status-publish","has-post-thumbnail","hentry"],"acf":[],"yoast_head":"<!-- This site is optimized with the Yoast SEO plugin v27.3 - https:\/\/yoast.com\/product\/yoast-seo-wordpress\/ -->\n<title>Vorteile von Vakuumglas - Vacuum glas<\/title>\n<meta name=\"description\" content=\"Alles wat u moet weten over vacu\u00fcm isolatieglas:Uw gids naar maximale isolatie en energiebesparing\" \/>\n<meta name=\"robots\" content=\"index, follow, max-snippet:-1, max-image-preview:large, max-video-preview:-1\" \/>\n<link rel=\"canonical\" href=\"https:\/\/www.vacuum-glas.eu\/de\/privat\/vorteile-von-vakuumglas\/\" \/>\n<meta property=\"og:locale\" content=\"de_DE\" \/>\n<meta property=\"og:type\" content=\"article\" \/>\n<meta property=\"og:title\" content=\"Vorteile von Vakuumglas - Vacuum glas\" \/>\n<meta property=\"og:description\" content=\"Alles wat u moet weten over vacu\u00fcm isolatieglas:Uw gids naar maximale isolatie en energiebesparing\" \/>\n<meta property=\"og:url\" content=\"https:\/\/www.vacuum-glas.eu\/de\/privat\/vorteile-von-vakuumglas\/\" \/>\n<meta property=\"og:site_name\" content=\"Vacuum glas\" \/>\n<meta property=\"article:modified_time\" content=\"2024-10-21T12:44:07+00:00\" \/>\n<meta property=\"og:image\" content=\"https:\/\/www.vacuum-glas.eu\/wp-content\/uploads\/2024\/04\/Vacuumglas-website-banner.png\" \/>\n\t<meta property=\"og:image:width\" content=\"1180\" \/>\n\t<meta property=\"og:image:height\" content=\"401\" \/>\n\t<meta property=\"og:image:type\" content=\"image\/png\" \/>\n<meta name=\"twitter:card\" content=\"summary_large_image\" \/>\n<meta name=\"twitter:label1\" content=\"Gesch\u00e4tzte Lesezeit\" \/>\n\t<meta name=\"twitter:data1\" content=\"3\u00a0Minuten\" \/>\n<script type=\"application\/ld+json\" class=\"yoast-schema-graph\">{\"@context\":\"https:\\\/\\\/schema.org\",\"@graph\":[{\"@type\":\"WebPage\",\"@id\":\"https:\\\/\\\/www.vacuum-glas.eu\\\/de\\\/privat\\\/vorteile-von-vakuumglas\\\/\",\"url\":\"https:\\\/\\\/www.vacuum-glas.eu\\\/de\\\/privat\\\/vorteile-von-vakuumglas\\\/\",\"name\":\"Vorteile von Vakuumglas - Vacuum glas\",\"isPartOf\":{\"@id\":\"https:\\\/\\\/www.vacuum-glas.eu\\\/de\\\/#website\"},\"primaryImageOfPage\":{\"@id\":\"https:\\\/\\\/www.vacuum-glas.eu\\\/de\\\/privat\\\/vorteile-von-vakuumglas\\\/#primaryimage\"},\"image\":{\"@id\":\"https:\\\/\\\/www.vacuum-glas.eu\\\/de\\\/privat\\\/vorteile-von-vakuumglas\\\/#primaryimage\"},\"thumbnailUrl\":\"https:\\\/\\\/www.vacuum-glas.eu\\\/wp-content\\\/uploads\\\/2024\\\/04\\\/Vacuumglas-website-banner.png\",\"datePublished\":\"2024-03-28T09:21:00+00:00\",\"dateModified\":\"2024-10-21T12:44:07+00:00\",\"description\":\"Alles wat u moet weten over vacu\u00fcm isolatieglas:Uw gids naar maximale isolatie en energiebesparing\",\"breadcrumb\":{\"@id\":\"https:\\\/\\\/www.vacuum-glas.eu\\\/de\\\/privat\\\/vorteile-von-vakuumglas\\\/#breadcrumb\"},\"inLanguage\":\"de\",\"potentialAction\":[{\"@type\":\"ReadAction\",\"target\":[\"https:\\\/\\\/www.vacuum-glas.eu\\\/de\\\/privat\\\/vorteile-von-vakuumglas\\\/\"]}]},{\"@type\":\"ImageObject\",\"inLanguage\":\"de\",\"@id\":\"https:\\\/\\\/www.vacuum-glas.eu\\\/de\\\/privat\\\/vorteile-von-vakuumglas\\\/#primaryimage\",\"url\":\"https:\\\/\\\/www.vacuum-glas.eu\\\/wp-content\\\/uploads\\\/2024\\\/04\\\/Vacuumglas-website-banner.png\",\"contentUrl\":\"https:\\\/\\\/www.vacuum-glas.eu\\\/wp-content\\\/uploads\\\/2024\\\/04\\\/Vacuumglas-website-banner.png\",\"width\":1180,\"height\":401,\"caption\":\"Vacuumglas website banner\"},{\"@type\":\"BreadcrumbList\",\"@id\":\"https:\\\/\\\/www.vacuum-glas.eu\\\/de\\\/privat\\\/vorteile-von-vakuumglas\\\/#breadcrumb\",\"itemListElement\":[{\"@type\":\"ListItem\",\"position\":1,\"name\":\"Home\",\"item\":\"https:\\\/\\\/www.vacuum-glas.eu\\\/de\\\/\"},{\"@type\":\"ListItem\",\"position\":2,\"name\":\"privat\",\"item\":\"https:\\\/\\\/www.vacuum-glas.eu\\\/de\\\/privat\\\/\"},{\"@type\":\"ListItem\",\"position\":3,\"name\":\"Vorteile von Vakuumglas\"}]},{\"@type\":\"WebSite\",\"@id\":\"https:\\\/\\\/www.vacuum-glas.eu\\\/de\\\/#website\",\"url\":\"https:\\\/\\\/www.vacuum-glas.eu\\\/de\\\/\",\"name\":\"Vacuum glas\",\"description\":\"Insulation value for the future\",\"publisher\":{\"@id\":\"https:\\\/\\\/www.vacuum-glas.eu\\\/de\\\/#organization\"},\"potentialAction\":[{\"@type\":\"SearchAction\",\"target\":{\"@type\":\"EntryPoint\",\"urlTemplate\":\"https:\\\/\\\/www.vacuum-glas.eu\\\/de\\\/?s={search_term_string}\"},\"query-input\":{\"@type\":\"PropertyValueSpecification\",\"valueRequired\":true,\"valueName\":\"search_term_string\"}}],\"inLanguage\":\"de\"},{\"@type\":\"Organization\",\"@id\":\"https:\\\/\\\/www.vacuum-glas.eu\\\/de\\\/#organization\",\"name\":\"Vacuum glas\",\"url\":\"https:\\\/\\\/www.vacuum-glas.eu\\\/de\\\/\",\"logo\":{\"@type\":\"ImageObject\",\"inLanguage\":\"de\",\"@id\":\"https:\\\/\\\/www.vacuum-glas.eu\\\/de\\\/#\\\/schema\\\/logo\\\/image\\\/\",\"url\":\"https:\\\/\\\/www.vacuum-glas.eu\\\/wp-content\\\/uploads\\\/2023\\\/05\\\/logo.png\",\"contentUrl\":\"https:\\\/\\\/www.vacuum-glas.eu\\\/wp-content\\\/uploads\\\/2023\\\/05\\\/logo.png\",\"width\":268,\"height\":108,\"caption\":\"Vacuum glas\"},\"image\":{\"@id\":\"https:\\\/\\\/www.vacuum-glas.eu\\\/de\\\/#\\\/schema\\\/logo\\\/image\\\/\"}}]}<\/script>\n<!-- \/ Yoast SEO plugin. -->","yoast_head_json":{"title":"Vorteile von Vakuumglas - Vacuum glas","description":"Alles wat u moet weten over vacu\u00fcm isolatieglas:Uw gids naar maximale isolatie en energiebesparing","robots":{"index":"index","follow":"follow","max-snippet":"max-snippet:-1","max-image-preview":"max-image-preview:large","max-video-preview":"max-video-preview:-1"},"canonical":"https:\/\/www.vacuum-glas.eu\/de\/privat\/vorteile-von-vakuumglas\/","og_locale":"de_DE","og_type":"article","og_title":"Vorteile von Vakuumglas - Vacuum glas","og_description":"Alles wat u moet weten over vacu\u00fcm isolatieglas:Uw gids naar maximale isolatie en energiebesparing","og_url":"https:\/\/www.vacuum-glas.eu\/de\/privat\/vorteile-von-vakuumglas\/","og_site_name":"Vacuum glas","article_modified_time":"2024-10-21T12:44:07+00:00","og_image":[{"width":1180,"height":401,"url":"https:\/\/www.vacuum-glas.eu\/wp-content\/uploads\/2024\/04\/Vacuumglas-website-banner.png","type":"image\/png"}],"twitter_card":"summary_large_image","twitter_misc":{"Gesch\u00e4tzte Lesezeit":"3\u00a0Minuten"},"schema":{"@context":"https:\/\/schema.org","@graph":[{"@type":"WebPage","@id":"https:\/\/www.vacuum-glas.eu\/de\/privat\/vorteile-von-vakuumglas\/","url":"https:\/\/www.vacuum-glas.eu\/de\/privat\/vorteile-von-vakuumglas\/","name":"Vorteile von Vakuumglas - Vacuum glas","isPartOf":{"@id":"https:\/\/www.vacuum-glas.eu\/de\/#website"},"primaryImageOfPage":{"@id":"https:\/\/www.vacuum-glas.eu\/de\/privat\/vorteile-von-vakuumglas\/#primaryimage"},"image":{"@id":"https:\/\/www.vacuum-glas.eu\/de\/privat\/vorteile-von-vakuumglas\/#primaryimage"},"thumbnailUrl":"https:\/\/www.vacuum-glas.eu\/wp-content\/uploads\/2024\/04\/Vacuumglas-website-banner.png","datePublished":"2024-03-28T09:21:00+00:00","dateModified":"2024-10-21T12:44:07+00:00","description":"Alles wat u moet weten over vacu\u00fcm isolatieglas:Uw gids naar maximale isolatie en energiebesparing","breadcrumb":{"@id":"https:\/\/www.vacuum-glas.eu\/de\/privat\/vorteile-von-vakuumglas\/#breadcrumb"},"inLanguage":"de","potentialAction":[{"@type":"ReadAction","target":["https:\/\/www.vacuum-glas.eu\/de\/privat\/vorteile-von-vakuumglas\/"]}]},{"@type":"ImageObject","inLanguage":"de","@id":"https:\/\/www.vacuum-glas.eu\/de\/privat\/vorteile-von-vakuumglas\/#primaryimage","url":"https:\/\/www.vacuum-glas.eu\/wp-content\/uploads\/2024\/04\/Vacuumglas-website-banner.png","contentUrl":"https:\/\/www.vacuum-glas.eu\/wp-content\/uploads\/2024\/04\/Vacuumglas-website-banner.png","width":1180,"height":401,"caption":"Vacuumglas website banner"},{"@type":"BreadcrumbList","@id":"https:\/\/www.vacuum-glas.eu\/de\/privat\/vorteile-von-vakuumglas\/#breadcrumb","itemListElement":[{"@type":"ListItem","position":1,"name":"Home","item":"https:\/\/www.vacuum-glas.eu\/de\/"},{"@type":"ListItem","position":2,"name":"privat","item":"https:\/\/www.vacuum-glas.eu\/de\/privat\/"},{"@type":"ListItem","position":3,"name":"Vorteile von Vakuumglas"}]},{"@type":"WebSite","@id":"https:\/\/www.vacuum-glas.eu\/de\/#website","url":"https:\/\/www.vacuum-glas.eu\/de\/","name":"Vacuum glas","description":"Insulation value for the future","publisher":{"@id":"https:\/\/www.vacuum-glas.eu\/de\/#organization"},"potentialAction":[{"@type":"SearchAction","target":{"@type":"EntryPoint","urlTemplate":"https:\/\/www.vacuum-glas.eu\/de\/?s={search_term_string}"},"query-input":{"@type":"PropertyValueSpecification","valueRequired":true,"valueName":"search_term_string"}}],"inLanguage":"de"},{"@type":"Organization","@id":"https:\/\/www.vacuum-glas.eu\/de\/#organization","name":"Vacuum glas","url":"https:\/\/www.vacuum-glas.eu\/de\/","logo":{"@type":"ImageObject","inLanguage":"de","@id":"https:\/\/www.vacuum-glas.eu\/de\/#\/schema\/logo\/image\/","url":"https:\/\/www.vacuum-glas.eu\/wp-content\/uploads\/2023\/05\/logo.png","contentUrl":"https:\/\/www.vacuum-glas.eu\/wp-content\/uploads\/2023\/05\/logo.png","width":268,"height":108,"caption":"Vacuum glas"},"image":{"@id":"https:\/\/www.vacuum-glas.eu\/de\/#\/schema\/logo\/image\/"}}]}},"_links":{"self":[{"href":"https:\/\/www.vacuum-glas.eu\/de\/wp-json\/wp\/v2\/pages\/2900","targetHints":{"allow":["GET"]}}],"collection":[{"href":"https:\/\/www.vacuum-glas.eu\/de\/wp-json\/wp\/v2\/pages"}],"about":[{"href":"https:\/\/www.vacuum-glas.eu\/de\/wp-json\/wp\/v2\/types\/page"}],"author":[{"embeddable":true,"href":"https:\/\/www.vacuum-glas.eu\/de\/wp-json\/wp\/v2\/users\/1"}],"replies":[{"embeddable":true,"href":"https:\/\/www.vacuum-glas.eu\/de\/wp-json\/wp\/v2\/comments?post=2900"}],"version-history":[{"count":13,"href":"https:\/\/www.vacuum-glas.eu\/de\/wp-json\/wp\/v2\/pages\/2900\/revisions"}],"predecessor-version":[{"id":3203,"href":"https:\/\/www.vacuum-glas.eu\/de\/wp-json\/wp\/v2\/pages\/2900\/revisions\/3203"}],"up":[{"embeddable":true,"href":"https:\/\/www.vacuum-glas.eu\/de\/wp-json\/wp\/v2\/pages\/2800"}],"wp:featuredmedia":[{"embeddable":true,"href":"https:\/\/www.vacuum-glas.eu\/de\/wp-json\/wp\/v2\/media\/2471"}],"wp:attachment":[{"href":"https:\/\/www.vacuum-glas.eu\/de\/wp-json\/wp\/v2\/media?parent=2900"}],"curies":[{"name":"wp","href":"https:\/\/api.w.org\/{rel}","templated":true}]}}