{"id":2753,"date":"2023-12-14T11:38:01","date_gmt":"2023-12-14T11:38:01","guid":{"rendered":"https:\/\/www.vacuum-glas.eu\/zakelijk\/downloads\/"},"modified":"2024-10-21T12:17:35","modified_gmt":"2024-10-21T12:17:35","slug":"downloads","status":"publish","type":"page","link":"https:\/\/www.vacuum-glas.eu\/de\/geschaftskunde\/downloads\/","title":{"rendered":"Downloads"},"content":{"rendered":"\t\t<div data-elementor-type=\"wp-page\" data-elementor-id=\"2753\" class=\"elementor elementor-2753 elementor-977\" data-elementor-post-type=\"page\">\n\t\t\t\t\t\t<section class=\"elementor-section elementor-top-section elementor-element elementor-element-bdfe8f9 elementor-section-full_width elementor-section-height-default elementor-section-height-default\" data-id=\"bdfe8f9\" data-element_type=\"section\">\n\t\t\t\t\t\t<div class=\"elementor-container elementor-column-gap-no\">\n\t\t\t\t\t<div class=\"elementor-column elementor-col-100 elementor-top-column elementor-element elementor-element-5b29823\" data-id=\"5b29823\" data-element_type=\"column\">\n\t\t\t<div class=\"elementor-widget-wrap elementor-element-populated\">\n\t\t\t\t\t\t<div class=\"elementor-element elementor-element-83cd28c elementor-widget elementor-widget-particulier_custom\" data-id=\"83cd28c\" data-element_type=\"widget\" data-widget_type=\"particulier_custom.default\">\n\t\t\t\t<div class=\"elementor-widget-container\">\n\t\t\t\t\t\n                    <div class=\"particulier_custom\">\n                                                        <div class=\"item\" style=\"background-image: url(https:\/\/www.vacuum-glas.eu\/wp-content\/uploads\/2024\/10\/vacuum-glas-isolatie.jpg);\">\n                        <div class=\"box\">\n                                                            <h1>NedVac Produktpalette<br>Dokumentation<\/h1>\n                                                    <\/div>\n                    <\/div>\n                            <\/div>\n        \t\t\t\t<\/div>\n\t\t\t\t<\/div>\n\t\t\t\t\t<\/div>\n\t\t<\/div>\n\t\t\t\t\t<\/div>\n\t\t<\/section>\n\t\t\t\t<section class=\"elementor-section elementor-top-section elementor-element elementor-element-1237ee6 section-2 inner-content elementor-section-boxed elementor-section-height-default elementor-section-height-default\" data-id=\"1237ee6\" data-element_type=\"section\">\n\t\t\t\t\t\t<div class=\"elementor-container elementor-column-gap-default\">\n\t\t\t\t\t<div class=\"elementor-column elementor-col-100 elementor-top-column elementor-element elementor-element-d176fa2\" data-id=\"d176fa2\" data-element_type=\"column\">\n\t\t\t<div class=\"elementor-widget-wrap elementor-element-populated\">\n\t\t\t\t\t\t<div class=\"elementor-element elementor-element-dad6a7e elementor-widget elementor-widget-text-editor\" data-id=\"dad6a7e\" data-element_type=\"widget\" data-widget_type=\"text-editor.default\">\n\t\t\t\t<div class=\"elementor-widget-container\">\n\t\t\t\t\t\t\t\t\t<p>Nachfolgend finden Sie die gesamte verf\u00fcgbare Dokumentation unserer NedVac-Produktpalette.<\/p><p>F\u00fcr weitere Informationen k\u00f6nnen Sie uns jederzeit kontaktieren: <a href=\"mailto:info@vacuum-glas.eu\">info@vacuum-glas.eu<\/a><\/p>\t\t\t\t\t\t\t\t<\/div>\n\t\t\t\t<\/div>\n\t\t\t\t<div class=\"elementor-element elementor-element-c9c14e1 e-grid-align-left elementor-hidden-desktop elementor-hidden-tablet elementor-shape-rounded elementor-grid-0 elementor-widget elementor-widget-social-icons\" data-id=\"c9c14e1\" data-element_type=\"widget\" data-widget_type=\"social-icons.default\">\n\t\t\t\t<div class=\"elementor-widget-container\">\n\t\t\t\t\t\t\t<div class=\"elementor-social-icons-wrapper elementor-grid\">\n\t\t\t\t\t\t\t<span class=\"elementor-grid-item\">\n\t\t\t\t\t<a class=\"elementor-icon elementor-social-icon elementor-social-icon-whatsapp elementor-repeater-item-8617129\" href=\"https:\/\/api.whatsapp.com\/send\/?phone=31657612620&#038;text&#038;type=phone_number&#038;app_absent=0\" target=\"_blank\">\n\t\t\t\t\t\t<span class=\"elementor-screen-only\">Whatsapp<\/span>\n\t\t\t\t\t\t<i aria-hidden=\"true\" class=\"fab fa-whatsapp\"><\/i>\t\t\t\t\t<\/a>\n\t\t\t\t<\/span>\n\t\t\t\t\t<\/div>\n\t\t\t\t\t\t<\/div>\n\t\t\t\t<\/div>\n\t\t\t\t<div class=\"elementor-element elementor-element-ed15d50 elementor-icon-list--layout-traditional elementor-list-item-link-full_width elementor-widget elementor-widget-icon-list\" data-id=\"ed15d50\" data-element_type=\"widget\" data-widget_type=\"icon-list.default\">\n\t\t\t\t<div class=\"elementor-widget-container\">\n\t\t\t\t\t\t\t<ul class=\"elementor-icon-list-items\">\n\t\t\t\t\t\t\t<li class=\"elementor-icon-list-item\">\n\t\t\t\t\t\t\t\t\t\t\t<a href=\"https:\/\/www.vacuum-glas.eu\/wp-content\/uploads\/2024\/10\/24046-GGG-Vacuumglas-brochure-beurs-2024.pdf\" target=\"_blank\">\n\n\t\t\t\t\t\t\t\t\t\t\t\t<span class=\"elementor-icon-list-icon\">\n\t\t\t\t\t\t\t<i aria-hidden=\"true\" class=\"far fa-file-pdf\"><\/i>\t\t\t\t\t\t<\/span>\n\t\t\t\t\t\t\t\t\t\t<span class=\"elementor-icon-list-text\">Brochure NedVac<\/span>\n\t\t\t\t\t\t\t\t\t\t\t<\/a>\n\t\t\t\t\t\t\t\t\t<\/li>\n\t\t\t\t\t\t\t\t<li class=\"elementor-icon-list-item\">\n\t\t\t\t\t\t\t\t\t\t\t<a href=\"#\">\n\n\t\t\t\t\t\t\t\t\t\t\t\t<span class=\"elementor-icon-list-icon\">\n\t\t\t\t\t\t\t<i aria-hidden=\"true\" class=\"far fa-file-pdf\"><\/i>\t\t\t\t\t\t<\/span>\n\t\t\t\t\t\t\t\t\t\t<span class=\"elementor-icon-list-text\">Test Rapport U waardes<\/span>\n\t\t\t\t\t\t\t\t\t\t\t<\/a>\n\t\t\t\t\t\t\t\t\t<\/li>\n\t\t\t\t\t\t\t\t<li class=\"elementor-icon-list-item\">\n\t\t\t\t\t\t\t\t\t\t\t<a href=\"#\">\n\n\t\t\t\t\t\t\t\t\t\t\t\t<span class=\"elementor-icon-list-icon\">\n\t\t\t\t\t\t\t<i aria-hidden=\"true\" class=\"far fa-file-pdf\"><\/i>\t\t\t\t\t\t<\/span>\n\t\t\t\t\t\t\t\t\t\t<span class=\"elementor-icon-list-text\">BCRG Verklaring<\/span>\n\t\t\t\t\t\t\t\t\t\t\t<\/a>\n\t\t\t\t\t\t\t\t\t<\/li>\n\t\t\t\t\t\t\t\t<li class=\"elementor-icon-list-item\">\n\t\t\t\t\t\t\t\t\t\t\t<a href=\"#\">\n\n\t\t\t\t\t\t\t\t\t\t\t\t<span class=\"elementor-icon-list-icon\">\n\t\t\t\t\t\t\t<i aria-hidden=\"true\" class=\"far fa-file-pdf\"><\/i>\t\t\t\t\t\t<\/span>\n\t\t\t\t\t\t\t\t\t\t<span class=\"elementor-icon-list-text\">Productcertificaat EN12150<\/span>\n\t\t\t\t\t\t\t\t\t\t\t<\/a>\n\t\t\t\t\t\t\t\t\t<\/li>\n\t\t\t\t\t\t\t\t<li class=\"elementor-icon-list-item\">\n\t\t\t\t\t\t\t\t\t\t\t<a href=\"#\">\n\n\t\t\t\t\t\t\t\t\t\t\t\t<span class=\"elementor-icon-list-icon\">\n\t\t\t\t\t\t\t<i aria-hidden=\"true\" class=\"far fa-file-pdf\"><\/i>\t\t\t\t\t\t<\/span>\n\t\t\t\t\t\t\t\t\t\t<span class=\"elementor-icon-list-text\">Plaatsingsvoorschriften NedVac<\/span>\n\t\t\t\t\t\t\t\t\t\t\t<\/a>\n\t\t\t\t\t\t\t\t\t<\/li>\n\t\t\t\t\t\t\t\t<li class=\"elementor-icon-list-item\">\n\t\t\t\t\t\t\t\t\t\t\t<a href=\"#\">\n\n\t\t\t\t\t\t\t\t\t\t\t\t<span class=\"elementor-icon-list-icon\">\n\t\t\t\t\t\t\t<i aria-hidden=\"true\" class=\"far fa-file-pdf\"><\/i>\t\t\t\t\t\t<\/span>\n\t\t\t\t\t\t\t\t\t\t<span class=\"elementor-icon-list-text\">Duco<\/span>\n\t\t\t\t\t\t\t\t\t\t\t<\/a>\n\t\t\t\t\t\t\t\t\t<\/li>\n\t\t\t\t\t\t\t\t<li class=\"elementor-icon-list-item\">\n\t\t\t\t\t\t\t\t\t\t\t<a href=\"#\">\n\n\t\t\t\t\t\t\t\t\t\t\t\t<span class=\"elementor-icon-list-icon\">\n\t\t\t\t\t\t\t<i aria-hidden=\"true\" class=\"far fa-file-pdf\"><\/i>\t\t\t\t\t\t<\/span>\n\t\t\t\t\t\t\t\t\t\t<span class=\"elementor-icon-list-text\">Renoseal<\/span>\n\t\t\t\t\t\t\t\t\t\t\t<\/a>\n\t\t\t\t\t\t\t\t\t<\/li>\n\t\t\t\t\t\t\t\t<li class=\"elementor-icon-list-item\">\n\t\t\t\t\t\t\t\t\t\t\t<a href=\"#\">\n\n\t\t\t\t\t\t\t\t\t\t\t\t<span class=\"elementor-icon-list-icon\">\n\t\t\t\t\t\t\t<i aria-hidden=\"true\" class=\"far fa-file-pdf\"><\/i>\t\t\t\t\t\t<\/span>\n\t\t\t\t\t\t\t\t\t\t<span class=\"elementor-icon-list-text\">Voorzetramen<\/span>\n\t\t\t\t\t\t\t\t\t\t\t<\/a>\n\t\t\t\t\t\t\t\t\t<\/li>\n\t\t\t\t\t\t\t\t<li class=\"elementor-icon-list-item\">\n\t\t\t\t\t\t\t\t\t\t\t<a href=\"#\">\n\n\t\t\t\t\t\t\t\t\t\t\t\t<span class=\"elementor-icon-list-icon\">\n\t\t\t\t\t\t\t<i aria-hidden=\"true\" class=\"far fa-file-pdf\"><\/i>\t\t\t\t\t\t<\/span>\n\t\t\t\t\t\t\t\t\t\t<span class=\"elementor-icon-list-text\">ISDE subsidie meldcodes <\/span>\n\t\t\t\t\t\t\t\t\t\t\t<\/a>\n\t\t\t\t\t\t\t\t\t<\/li>\n\t\t\t\t\t\t\t\t<li class=\"elementor-icon-list-item\">\n\t\t\t\t\t\t\t\t\t\t\t<a href=\"#\">\n\n\t\t\t\t\t\t\t\t\t\t\t\t<span class=\"elementor-icon-list-icon\">\n\t\t\t\t\t\t\t<i aria-hidden=\"true\" class=\"far fa-file-pdf\"><\/i>\t\t\t\t\t\t<\/span>\n\t\t\t\t\t\t\t\t\t\t<span class=\"elementor-icon-list-text\">Algemene Voorwaarden<\/span>\n\t\t\t\t\t\t\t\t\t\t\t<\/a>\n\t\t\t\t\t\t\t\t\t<\/li>\n\t\t\t\t\t\t<\/ul>\n\t\t\t\t\t\t<\/div>\n\t\t\t\t<\/div>\n\t\t\t\t<div class=\"elementor-element elementor-element-0f25941 elementor-widget elementor-widget-spacer\" data-id=\"0f25941\" data-element_type=\"widget\" data-widget_type=\"spacer.default\">\n\t\t\t\t<div class=\"elementor-widget-container\">\n\t\t\t\t\t\t\t<div class=\"elementor-spacer\">\n\t\t\t<div class=\"elementor-spacer-inner\"><\/div>\n\t\t<\/div>\n\t\t\t\t\t\t<\/div>\n\t\t\t\t<\/div>\n\t\t\t\t<div class=\"elementor-element elementor-element-7877469 elementor-widget elementor-widget-heading\" data-id=\"7877469\" data-element_type=\"widget\" data-widget_type=\"heading.default\">\n\t\t\t\t<div class=\"elementor-widget-container\">\n\t\t\t\t\t<h2 class=\"elementor-heading-title elementor-size-default\">Unsere Partner<\/h2>\t\t\t\t<\/div>\n\t\t\t\t<\/div>\n\t\t\t\t<div class=\"elementor-element elementor-element-55a6983 slide-logo elementor-arrows-position-inside elementor-widget elementor-widget-image-carousel\" data-id=\"55a6983\" data-element_type=\"widget\" data-settings=\"{&quot;navigation&quot;:&quot;arrows&quot;,&quot;slides_to_show_tablet&quot;:&quot;1&quot;,&quot;slides_to_show_mobile&quot;:&quot;1&quot;,&quot;autoplay&quot;:&quot;yes&quot;,&quot;pause_on_hover&quot;:&quot;yes&quot;,&quot;pause_on_interaction&quot;:&quot;yes&quot;,&quot;autoplay_speed&quot;:5000,&quot;infinite&quot;:&quot;yes&quot;,&quot;speed&quot;:500}\" data-widget_type=\"image-carousel.default\">\n\t\t\t\t<div class=\"elementor-widget-container\">\n\t\t\t\t\t\t\t<div class=\"elementor-image-carousel-wrapper swiper\" role=\"region\" aria-roledescription=\"carousel\" aria-label=\"Bild Karussell\" dir=\"ltr\">\n\t\t\t<div class=\"elementor-image-carousel swiper-wrapper\" aria-live=\"off\">\n\t\t\t\t\t\t\t\t<div class=\"swiper-slide\" role=\"group\" aria-roledescription=\"slide\" aria-label=\"1 von 4\"><figure class=\"swiper-slide-inner\"><img decoding=\"async\" class=\"swiper-slide-image\" src=\"https:\/\/www.vacuum-glas.eu\/wp-content\/uploads\/2023\/12\/bn-300x300.jpg\" alt=\"bn\" \/><\/figure><\/div><div class=\"swiper-slide\" role=\"group\" aria-roledescription=\"slide\" aria-label=\"2 von 4\"><figure class=\"swiper-slide-inner\"><img decoding=\"async\" class=\"swiper-slide-image\" src=\"https:\/\/www.vacuum-glas.eu\/wp-content\/uploads\/2023\/12\/duco.jpg\" alt=\"duco\" \/><\/figure><\/div><div class=\"swiper-slide\" role=\"group\" aria-roledescription=\"slide\" aria-label=\"3 von 4\"><figure class=\"swiper-slide-inner\"><img decoding=\"async\" class=\"swiper-slide-image\" src=\"https:\/\/www.vacuum-glas.eu\/wp-content\/uploads\/2023\/12\/bloem-300x121.png\" alt=\"bloem\" \/><\/figure><\/div><div class=\"swiper-slide\" role=\"group\" aria-roledescription=\"slide\" aria-label=\"4 von 4\"><figure class=\"swiper-slide-inner\"><img decoding=\"async\" class=\"swiper-slide-image\" src=\"https:\/\/www.vacuum-glas.eu\/wp-content\/uploads\/2024\/09\/Leadus-logo-JPG-300x183.jpg\" alt=\"Leadus logo JPG\" \/><\/figure><\/div>\t\t\t<\/div>\n\t\t\t\t\t\t\t\t\t\t\t\t<div class=\"elementor-swiper-button elementor-swiper-button-prev\" role=\"button\" tabindex=\"0\">\n\t\t\t\t\t\t<i aria-hidden=\"true\" class=\"eicon-chevron-left\"><\/i>\t\t\t\t\t<\/div>\n\t\t\t\t\t<div class=\"elementor-swiper-button elementor-swiper-button-next\" role=\"button\" tabindex=\"0\">\n\t\t\t\t\t\t<i aria-hidden=\"true\" class=\"eicon-chevron-right\"><\/i>\t\t\t\t\t<\/div>\n\t\t\t\t\n\t\t\t\t\t\t\t\t\t<\/div>\n\t\t\t\t\t\t<\/div>\n\t\t\t\t<\/div>\n\t\t\t\t\t<\/div>\n\t\t<\/div>\n\t\t\t\t\t<\/div>\n\t\t<\/section>\n\t\t\t\t<\/div>\n\t\t","protected":false},"excerpt":{"rendered":"<p>NedVac ProduktpaletteDokumentation Nachfolgend finden Sie die gesamte verf\u00fcgbare Dokumentation unserer NedVac-Produktpalette. F\u00fcr weitere Informationen k\u00f6nnen Sie uns jederzeit kontaktieren: info@vacuum-glas.eu Whatsapp Brochure NedVac Test Rapport U waardes BCRG Verklaring Productcertificaat EN12150 Plaatsingsvoorschriften NedVac Duco Renoseal Voorzetramen ISDE subsidie meldcodes Algemene Voorwaarden Unsere Partner<\/p>\n","protected":false},"author":1,"featured_media":0,"parent":2658,"menu_order":22,"comment_status":"closed","ping_status":"closed","template":"","meta":{"_acf_changed":false,"inline_featured_image":false,"footnotes":""},"class_list":["post-2753","page","type-page","status-publish","hentry"],"acf":[],"yoast_head":"<!-- This site is optimized with the Yoast SEO plugin v27.5 - https:\/\/yoast.com\/product\/yoast-seo-wordpress\/ -->\n<title>Downloads - Vacuum glas<\/title>\n<meta name=\"robots\" content=\"index, follow, max-snippet:-1, max-image-preview:large, max-video-preview:-1\" \/>\n<link rel=\"canonical\" href=\"https:\/\/www.vacuum-glas.eu\/de\/geschaftskunde\/downloads\/\" \/>\n<meta property=\"og:locale\" content=\"de_DE\" \/>\n<meta property=\"og:type\" content=\"article\" \/>\n<meta property=\"og:title\" content=\"Downloads - Vacuum glas\" \/>\n<meta property=\"og:description\" content=\"NedVac ProduktpaletteDokumentation Nachfolgend finden Sie die gesamte verf\u00fcgbare Dokumentation unserer NedVac-Produktpalette. F\u00fcr weitere Informationen k\u00f6nnen Sie uns jederzeit kontaktieren: info@vacuum-glas.eu Whatsapp Brochure NedVac Test Rapport U waardes BCRG Verklaring Productcertificaat EN12150 Plaatsingsvoorschriften NedVac Duco Renoseal Voorzetramen ISDE subsidie meldcodes Algemene Voorwaarden Unsere Partner\" \/>\n<meta property=\"og:url\" content=\"https:\/\/www.vacuum-glas.eu\/de\/geschaftskunde\/downloads\/\" \/>\n<meta property=\"og:site_name\" content=\"Vacuum glas\" \/>\n<meta property=\"article:modified_time\" content=\"2024-10-21T12:17:35+00:00\" \/>\n<meta property=\"og:image\" content=\"https:\/\/www.vacuum-glas.eu\/wp-content\/uploads\/2023\/12\/bn-300x300.jpg\" \/>\n<meta name=\"twitter:card\" content=\"summary_large_image\" \/>\n<meta name=\"twitter:label1\" content=\"Gesch\u00e4tzte Lesezeit\" \/>\n\t<meta name=\"twitter:data1\" content=\"3\u00a0Minuten\" \/>\n<script type=\"application\/ld+json\" class=\"yoast-schema-graph\">{\"@context\":\"https:\\\/\\\/schema.org\",\"@graph\":[{\"@type\":\"WebPage\",\"@id\":\"https:\\\/\\\/www.vacuum-glas.eu\\\/de\\\/geschaftskunde\\\/downloads\\\/\",\"url\":\"https:\\\/\\\/www.vacuum-glas.eu\\\/de\\\/geschaftskunde\\\/downloads\\\/\",\"name\":\"Downloads - Vacuum glas\",\"isPartOf\":{\"@id\":\"https:\\\/\\\/www.vacuum-glas.eu\\\/de\\\/#website\"},\"primaryImageOfPage\":{\"@id\":\"https:\\\/\\\/www.vacuum-glas.eu\\\/de\\\/geschaftskunde\\\/downloads\\\/#primaryimage\"},\"image\":{\"@id\":\"https:\\\/\\\/www.vacuum-glas.eu\\\/de\\\/geschaftskunde\\\/downloads\\\/#primaryimage\"},\"thumbnailUrl\":\"https:\\\/\\\/www.vacuum-glas.eu\\\/wp-content\\\/uploads\\\/2023\\\/12\\\/bn-300x300.jpg\",\"datePublished\":\"2023-12-14T11:38:01+00:00\",\"dateModified\":\"2024-10-21T12:17:35+00:00\",\"breadcrumb\":{\"@id\":\"https:\\\/\\\/www.vacuum-glas.eu\\\/de\\\/geschaftskunde\\\/downloads\\\/#breadcrumb\"},\"inLanguage\":\"de\",\"potentialAction\":[{\"@type\":\"ReadAction\",\"target\":[\"https:\\\/\\\/www.vacuum-glas.eu\\\/de\\\/geschaftskunde\\\/downloads\\\/\"]}]},{\"@type\":\"ImageObject\",\"inLanguage\":\"de\",\"@id\":\"https:\\\/\\\/www.vacuum-glas.eu\\\/de\\\/geschaftskunde\\\/downloads\\\/#primaryimage\",\"url\":\"https:\\\/\\\/www.vacuum-glas.eu\\\/wp-content\\\/uploads\\\/2023\\\/12\\\/bn-300x300.jpg\",\"contentUrl\":\"https:\\\/\\\/www.vacuum-glas.eu\\\/wp-content\\\/uploads\\\/2023\\\/12\\\/bn-300x300.jpg\"},{\"@type\":\"BreadcrumbList\",\"@id\":\"https:\\\/\\\/www.vacuum-glas.eu\\\/de\\\/geschaftskunde\\\/downloads\\\/#breadcrumb\",\"itemListElement\":[{\"@type\":\"ListItem\",\"position\":1,\"name\":\"Home\",\"item\":\"https:\\\/\\\/www.vacuum-glas.eu\\\/de\\\/\"},{\"@type\":\"ListItem\",\"position\":2,\"name\":\"zakelijk\",\"item\":\"https:\\\/\\\/www.vacuum-glas.eu\\\/de\\\/zakelijk\\\/\"},{\"@type\":\"ListItem\",\"position\":3,\"name\":\"Downloads\"}]},{\"@type\":\"WebSite\",\"@id\":\"https:\\\/\\\/www.vacuum-glas.eu\\\/de\\\/#website\",\"url\":\"https:\\\/\\\/www.vacuum-glas.eu\\\/de\\\/\",\"name\":\"Vacuum glas\",\"description\":\"Insulation value for the future\",\"publisher\":{\"@id\":\"https:\\\/\\\/www.vacuum-glas.eu\\\/de\\\/#organization\"},\"potentialAction\":[{\"@type\":\"SearchAction\",\"target\":{\"@type\":\"EntryPoint\",\"urlTemplate\":\"https:\\\/\\\/www.vacuum-glas.eu\\\/de\\\/?s={search_term_string}\"},\"query-input\":{\"@type\":\"PropertyValueSpecification\",\"valueRequired\":true,\"valueName\":\"search_term_string\"}}],\"inLanguage\":\"de\"},{\"@type\":\"Organization\",\"@id\":\"https:\\\/\\\/www.vacuum-glas.eu\\\/de\\\/#organization\",\"name\":\"Vacuum glas\",\"url\":\"https:\\\/\\\/www.vacuum-glas.eu\\\/de\\\/\",\"logo\":{\"@type\":\"ImageObject\",\"inLanguage\":\"de\",\"@id\":\"https:\\\/\\\/www.vacuum-glas.eu\\\/de\\\/#\\\/schema\\\/logo\\\/image\\\/\",\"url\":\"https:\\\/\\\/www.vacuum-glas.eu\\\/wp-content\\\/uploads\\\/2023\\\/05\\\/logo.png\",\"contentUrl\":\"https:\\\/\\\/www.vacuum-glas.eu\\\/wp-content\\\/uploads\\\/2023\\\/05\\\/logo.png\",\"width\":268,\"height\":108,\"caption\":\"Vacuum glas\"},\"image\":{\"@id\":\"https:\\\/\\\/www.vacuum-glas.eu\\\/de\\\/#\\\/schema\\\/logo\\\/image\\\/\"}}]}<\/script>\n<!-- \/ Yoast SEO plugin. -->","yoast_head_json":{"title":"Downloads - Vacuum glas","robots":{"index":"index","follow":"follow","max-snippet":"max-snippet:-1","max-image-preview":"max-image-preview:large","max-video-preview":"max-video-preview:-1"},"canonical":"https:\/\/www.vacuum-glas.eu\/de\/geschaftskunde\/downloads\/","og_locale":"de_DE","og_type":"article","og_title":"Downloads - Vacuum glas","og_description":"NedVac ProduktpaletteDokumentation Nachfolgend finden Sie die gesamte verf\u00fcgbare Dokumentation unserer NedVac-Produktpalette. F\u00fcr weitere Informationen k\u00f6nnen Sie uns jederzeit kontaktieren: info@vacuum-glas.eu Whatsapp Brochure NedVac Test Rapport U waardes BCRG Verklaring Productcertificaat EN12150 Plaatsingsvoorschriften NedVac Duco Renoseal Voorzetramen ISDE subsidie meldcodes Algemene Voorwaarden Unsere Partner","og_url":"https:\/\/www.vacuum-glas.eu\/de\/geschaftskunde\/downloads\/","og_site_name":"Vacuum glas","article_modified_time":"2024-10-21T12:17:35+00:00","og_image":[{"url":"https:\/\/www.vacuum-glas.eu\/wp-content\/uploads\/2023\/12\/bn-300x300.jpg","type":"","width":"","height":""}],"twitter_card":"summary_large_image","twitter_misc":{"Gesch\u00e4tzte Lesezeit":"3\u00a0Minuten"},"schema":{"@context":"https:\/\/schema.org","@graph":[{"@type":"WebPage","@id":"https:\/\/www.vacuum-glas.eu\/de\/geschaftskunde\/downloads\/","url":"https:\/\/www.vacuum-glas.eu\/de\/geschaftskunde\/downloads\/","name":"Downloads - Vacuum glas","isPartOf":{"@id":"https:\/\/www.vacuum-glas.eu\/de\/#website"},"primaryImageOfPage":{"@id":"https:\/\/www.vacuum-glas.eu\/de\/geschaftskunde\/downloads\/#primaryimage"},"image":{"@id":"https:\/\/www.vacuum-glas.eu\/de\/geschaftskunde\/downloads\/#primaryimage"},"thumbnailUrl":"https:\/\/www.vacuum-glas.eu\/wp-content\/uploads\/2023\/12\/bn-300x300.jpg","datePublished":"2023-12-14T11:38:01+00:00","dateModified":"2024-10-21T12:17:35+00:00","breadcrumb":{"@id":"https:\/\/www.vacuum-glas.eu\/de\/geschaftskunde\/downloads\/#breadcrumb"},"inLanguage":"de","potentialAction":[{"@type":"ReadAction","target":["https:\/\/www.vacuum-glas.eu\/de\/geschaftskunde\/downloads\/"]}]},{"@type":"ImageObject","inLanguage":"de","@id":"https:\/\/www.vacuum-glas.eu\/de\/geschaftskunde\/downloads\/#primaryimage","url":"https:\/\/www.vacuum-glas.eu\/wp-content\/uploads\/2023\/12\/bn-300x300.jpg","contentUrl":"https:\/\/www.vacuum-glas.eu\/wp-content\/uploads\/2023\/12\/bn-300x300.jpg"},{"@type":"BreadcrumbList","@id":"https:\/\/www.vacuum-glas.eu\/de\/geschaftskunde\/downloads\/#breadcrumb","itemListElement":[{"@type":"ListItem","position":1,"name":"Home","item":"https:\/\/www.vacuum-glas.eu\/de\/"},{"@type":"ListItem","position":2,"name":"zakelijk","item":"https:\/\/www.vacuum-glas.eu\/de\/zakelijk\/"},{"@type":"ListItem","position":3,"name":"Downloads"}]},{"@type":"WebSite","@id":"https:\/\/www.vacuum-glas.eu\/de\/#website","url":"https:\/\/www.vacuum-glas.eu\/de\/","name":"Vacuum glas","description":"Insulation value for the future","publisher":{"@id":"https:\/\/www.vacuum-glas.eu\/de\/#organization"},"potentialAction":[{"@type":"SearchAction","target":{"@type":"EntryPoint","urlTemplate":"https:\/\/www.vacuum-glas.eu\/de\/?s={search_term_string}"},"query-input":{"@type":"PropertyValueSpecification","valueRequired":true,"valueName":"search_term_string"}}],"inLanguage":"de"},{"@type":"Organization","@id":"https:\/\/www.vacuum-glas.eu\/de\/#organization","name":"Vacuum glas","url":"https:\/\/www.vacuum-glas.eu\/de\/","logo":{"@type":"ImageObject","inLanguage":"de","@id":"https:\/\/www.vacuum-glas.eu\/de\/#\/schema\/logo\/image\/","url":"https:\/\/www.vacuum-glas.eu\/wp-content\/uploads\/2023\/05\/logo.png","contentUrl":"https:\/\/www.vacuum-glas.eu\/wp-content\/uploads\/2023\/05\/logo.png","width":268,"height":108,"caption":"Vacuum glas"},"image":{"@id":"https:\/\/www.vacuum-glas.eu\/de\/#\/schema\/logo\/image\/"}}]}},"_links":{"self":[{"href":"https:\/\/www.vacuum-glas.eu\/de\/wp-json\/wp\/v2\/pages\/2753","targetHints":{"allow":["GET"]}}],"collection":[{"href":"https:\/\/www.vacuum-glas.eu\/de\/wp-json\/wp\/v2\/pages"}],"about":[{"href":"https:\/\/www.vacuum-glas.eu\/de\/wp-json\/wp\/v2\/types\/page"}],"author":[{"embeddable":true,"href":"https:\/\/www.vacuum-glas.eu\/de\/wp-json\/wp\/v2\/users\/1"}],"replies":[{"embeddable":true,"href":"https:\/\/www.vacuum-glas.eu\/de\/wp-json\/wp\/v2\/comments?post=2753"}],"version-history":[{"count":18,"href":"https:\/\/www.vacuum-glas.eu\/de\/wp-json\/wp\/v2\/pages\/2753\/revisions"}],"predecessor-version":[{"id":3185,"href":"https:\/\/www.vacuum-glas.eu\/de\/wp-json\/wp\/v2\/pages\/2753\/revisions\/3185"}],"up":[{"embeddable":true,"href":"https:\/\/www.vacuum-glas.eu\/de\/wp-json\/wp\/v2\/pages\/2658"}],"wp:attachment":[{"href":"https:\/\/www.vacuum-glas.eu\/de\/wp-json\/wp\/v2\/media?parent=2753"}],"curies":[{"name":"wp","href":"https:\/\/api.w.org\/{rel}","templated":true}]}}