{"id":2723,"date":"2023-12-20T12:36:48","date_gmt":"2023-12-20T12:36:48","guid":{"rendered":"https:\/\/www.vacuum-glas.eu\/zakelijk\/referenties\/"},"modified":"2024-10-21T08:49:11","modified_gmt":"2024-10-21T08:49:11","slug":"referenzen","status":"publish","type":"page","link":"https:\/\/www.vacuum-glas.eu\/de\/geschaftskunde\/referenzen\/","title":{"rendered":"Referenzen"},"content":{"rendered":"\t\t<div data-elementor-type=\"wp-page\" data-elementor-id=\"2723\" class=\"elementor elementor-2723 elementor-1072\" data-elementor-post-type=\"page\">\n\t\t\t\t\t\t<section class=\"elementor-section elementor-top-section elementor-element elementor-element-435605b elementor-section-full_width elementor-section-height-default elementor-section-height-default\" data-id=\"435605b\" data-element_type=\"section\">\n\t\t\t\t\t\t<div class=\"elementor-container elementor-column-gap-no\">\n\t\t\t\t\t<div class=\"elementor-column elementor-col-100 elementor-top-column elementor-element elementor-element-4e160b2\" data-id=\"4e160b2\" data-element_type=\"column\">\n\t\t\t<div class=\"elementor-widget-wrap elementor-element-populated\">\n\t\t\t\t\t\t<div class=\"elementor-element elementor-element-047e0a1 elementor-widget elementor-widget-particulier_custom\" data-id=\"047e0a1\" data-element_type=\"widget\" data-widget_type=\"particulier_custom.default\">\n\t\t\t\t<div class=\"elementor-widget-container\">\n\t\t\t\t\t\n                    <div class=\"particulier_custom\">\n                                                        <div class=\"item\" style=\"background-image: url(https:\/\/www.vacuum-glas.eu\/wp-content\/uploads\/2024\/10\/vacuum-glas-isolatie.jpg);\">\n                        <div class=\"box\">\n                                                            <h1>Referenzen<br>\nvacuum-glas-eu<\/h1>\n                                                    <\/div>\n                    <\/div>\n                            <\/div>\n        \t\t\t\t<\/div>\n\t\t\t\t<\/div>\n\t\t\t\t\t<\/div>\n\t\t<\/div>\n\t\t\t\t\t<\/div>\n\t\t<\/section>\n\t\t\t\t<section class=\"elementor-section elementor-top-section elementor-element elementor-element-1237ee6 section-2 inner-content elementor-section-boxed elementor-section-height-default elementor-section-height-default\" data-id=\"1237ee6\" data-element_type=\"section\">\n\t\t\t\t\t\t<div class=\"elementor-container elementor-column-gap-default\">\n\t\t\t\t\t<div class=\"elementor-column elementor-col-100 elementor-top-column elementor-element elementor-element-d176fa2\" data-id=\"d176fa2\" data-element_type=\"column\">\n\t\t\t<div class=\"elementor-widget-wrap elementor-element-populated\">\n\t\t\t\t\t\t<div class=\"elementor-element elementor-element-dad6a7e elementor-widget elementor-widget-text-editor\" data-id=\"dad6a7e\" data-element_type=\"widget\" data-widget_type=\"text-editor.default\">\n\t\t\t\t<div class=\"elementor-widget-container\">\n\t\t\t\t\t\t\t\t\t<p>Vacuum-glas.eu hat die Schaufel von NedVac mit einem U-Wert von 0,4 im ersten Haus in Westeuropa eingesetzt. Diese einzigartige Situation ereignete sich in einem Testhaus einer Wohnungsbaugenossenschaft im Norden von Amsterdam, bei dem die urspr\u00fcnglichen Fensterrahmen beibehalten werden konnten. Durch diese Wahl wurden nicht nur Kosten gespart, sondern auch der h\u00f6chstm\u00f6gliche D\u00e4mmwert erreicht.<\/p>\t\t\t\t\t\t\t\t<\/div>\n\t\t\t\t<\/div>\n\t\t\t\t<div class=\"elementor-element elementor-element-a6c9396 elementor-widget elementor-widget-text-editor\" data-id=\"a6c9396\" data-element_type=\"widget\" data-widget_type=\"text-editor.default\">\n\t\t\t\t<div class=\"elementor-widget-container\">\n\t\t\t\t\t\t\t\t\t<p>Lesen Sie <a href=\"https:\/\/www.bouwwereld.nl\/bouwtechniek\/bouwmaterialen\/vacuumglas-isoleert-beter-dan-triple-glas\/\" target=\"_blank\" rel=\"noopener\">hier<\/a> den vollst\u00e4ndigen Artikel von Bouwwereld.nl.<\/p>\t\t\t\t\t\t\t\t<\/div>\n\t\t\t\t<\/div>\n\t\t\t\t<section class=\"elementor-section elementor-inner-section elementor-element elementor-element-4ee1c27 elementor-section-boxed elementor-section-height-default elementor-section-height-default\" data-id=\"4ee1c27\" data-element_type=\"section\">\n\t\t\t\t\t\t<div class=\"elementor-container elementor-column-gap-default\">\n\t\t\t\t\t<div class=\"elementor-column elementor-col-50 elementor-inner-column elementor-element elementor-element-3562021\" data-id=\"3562021\" data-element_type=\"column\">\n\t\t\t<div class=\"elementor-widget-wrap elementor-element-populated\">\n\t\t\t\t\t\t<div class=\"elementor-element elementor-element-458af4f elementor-widget elementor-widget-image\" data-id=\"458af4f\" data-element_type=\"widget\" data-widget_type=\"image.default\">\n\t\t\t\t<div class=\"elementor-widget-container\">\n\t\t\t\t\t\t\t\t\t\t\t\t\t\t\t<img fetchpriority=\"high\" decoding=\"async\" width=\"1024\" height=\"488\" src=\"https:\/\/www.vacuum-glas.eu\/wp-content\/uploads\/2024\/10\/Binnen-buitentemperatuur-EnkgeldubbelTripleVacuum-1024x488.png\" class=\"attachment-large size-large wp-image-2569\" alt=\"\" srcset=\"https:\/\/www.vacuum-glas.eu\/wp-content\/uploads\/2024\/10\/Binnen-buitentemperatuur-EnkgeldubbelTripleVacuum-1024x488.png 1024w, https:\/\/www.vacuum-glas.eu\/wp-content\/uploads\/2024\/10\/Binnen-buitentemperatuur-EnkgeldubbelTripleVacuum-300x143.png 300w, https:\/\/www.vacuum-glas.eu\/wp-content\/uploads\/2024\/10\/Binnen-buitentemperatuur-EnkgeldubbelTripleVacuum-768x366.png 768w, https:\/\/www.vacuum-glas.eu\/wp-content\/uploads\/2024\/10\/Binnen-buitentemperatuur-EnkgeldubbelTripleVacuum-1536x732.png 1536w, https:\/\/www.vacuum-glas.eu\/wp-content\/uploads\/2024\/10\/Binnen-buitentemperatuur-EnkgeldubbelTripleVacuum-2048x976.png 2048w\" sizes=\"(max-width: 1024px) 100vw, 1024px\" \/>\t\t\t\t\t\t\t\t\t\t\t\t\t\t\t<\/div>\n\t\t\t\t<\/div>\n\t\t\t\t\t<\/div>\n\t\t<\/div>\n\t\t\t\t<div class=\"elementor-column elementor-col-50 elementor-inner-column elementor-element elementor-element-1f8e624\" data-id=\"1f8e624\" data-element_type=\"column\">\n\t\t\t<div class=\"elementor-widget-wrap elementor-element-populated\">\n\t\t\t\t\t\t<div class=\"elementor-element elementor-element-add6815 elementor-widget elementor-widget-image\" data-id=\"add6815\" data-element_type=\"widget\" data-widget_type=\"image.default\">\n\t\t\t\t<div class=\"elementor-widget-container\">\n\t\t\t\t\t\t\t\t\t\t\t\t\t\t\t<img decoding=\"async\" width=\"1024\" height=\"601\" src=\"https:\/\/www.vacuum-glas.eu\/wp-content\/uploads\/2024\/10\/Energieverbuik-overzicht-enkeldubbeltriplevacuuum-1024x601.png\" class=\"attachment-large size-large wp-image-2571\" alt=\"\" srcset=\"https:\/\/www.vacuum-glas.eu\/wp-content\/uploads\/2024\/10\/Energieverbuik-overzicht-enkeldubbeltriplevacuuum-1024x601.png 1024w, https:\/\/www.vacuum-glas.eu\/wp-content\/uploads\/2024\/10\/Energieverbuik-overzicht-enkeldubbeltriplevacuuum-300x176.png 300w, https:\/\/www.vacuum-glas.eu\/wp-content\/uploads\/2024\/10\/Energieverbuik-overzicht-enkeldubbeltriplevacuuum-768x451.png 768w, https:\/\/www.vacuum-glas.eu\/wp-content\/uploads\/2024\/10\/Energieverbuik-overzicht-enkeldubbeltriplevacuuum-1536x901.png 1536w, https:\/\/www.vacuum-glas.eu\/wp-content\/uploads\/2024\/10\/Energieverbuik-overzicht-enkeldubbeltriplevacuuum-2048x1202.png 2048w\" sizes=\"(max-width: 1024px) 100vw, 1024px\" \/>\t\t\t\t\t\t\t\t\t\t\t\t\t\t\t<\/div>\n\t\t\t\t<\/div>\n\t\t\t\t\t<\/div>\n\t\t<\/div>\n\t\t\t\t\t<\/div>\n\t\t<\/section>\n\t\t\t\t\t<\/div>\n\t\t<\/div>\n\t\t\t\t\t<\/div>\n\t\t<\/section>\n\t\t\t\t<section class=\"elementor-section elementor-top-section elementor-element elementor-element-a013d04 section-8 elementor-section-boxed elementor-section-height-default elementor-section-height-default\" data-id=\"a013d04\" data-element_type=\"section\">\n\t\t\t\t\t\t<div class=\"elementor-container elementor-column-gap-default\">\n\t\t\t\t\t<div class=\"elementor-column elementor-col-100 elementor-top-column elementor-element elementor-element-7c152d8\" data-id=\"7c152d8\" data-element_type=\"column\">\n\t\t\t<div class=\"elementor-widget-wrap elementor-element-populated\">\n\t\t\t\t\t\t<div class=\"elementor-element elementor-element-09a5d5a title-default elementor-widget elementor-widget-heading\" data-id=\"09a5d5a\" data-element_type=\"widget\" data-widget_type=\"heading.default\">\n\t\t\t\t<div class=\"elementor-widget-container\">\n\t\t\t\t\t<h2 class=\"elementor-heading-title elementor-size-default\">Projekte Vakuumglas<\/h2>\t\t\t\t<\/div>\n\t\t\t\t<\/div>\n\t\t\t\t<div class=\"elementor-element elementor-element-42a45c6 elementor-widget elementor-widget-project_custom\" data-id=\"42a45c6\" data-element_type=\"widget\" data-widget_type=\"project_custom.default\">\n\t\t\t\t<div class=\"elementor-widget-container\">\n\t\t\t\t\t\n                    <div class=\"project_custom\">\n                                                        <div class=\"project-item\">\n                                                    <div class=\"img-square\">\n                                <img decoding=\"async\" src=\"https:\/\/www.vacuum-glas.eu\/wp-content\/uploads\/2023\/12\/Vacuum_in_woonhuis_Castricum.jpg\" alt=\"globalglassgroup\">\n                            <\/div>\n                            <div class=\"project-content\">\n                                                                    <h3 class=\"project-title\">Vacu\u00fcmglas in woonhuis Castricum<\/h3>\n                                                                                            <\/div>\n                                            <\/div>\n                                                        <div class=\"project-item\">\n                                                    <div class=\"img-square\">\n                                <img decoding=\"async\" src=\"https:\/\/www.vacuum-glas.eu\/wp-content\/uploads\/2023\/12\/Vacuumglas_Loppersum.jpg\" alt=\"globalglassgroup\">\n                            <\/div>\n                            <div class=\"project-content\">\n                                                                    <h3 class=\"project-title\">Vacu\u00fcmglas in bibliotheek Haarlem <\/h3>\n                                                                                            <\/div>\n                                            <\/div>\n                                                        <div class=\"project-item\">\n                                                    <div class=\"img-square\">\n                                <img decoding=\"async\" src=\"https:\/\/www.vacuum-glas.eu\/wp-content\/uploads\/2023\/12\/Vacuumglas_Loppersum.jpg\" alt=\"globalglassgroup\">\n                            <\/div>\n                            <div class=\"project-content\">\n                                                                    <h3 class=\"project-title\">Vacuu\u0308mglas Loppersum<\/h3>\n                                                                                            <\/div>\n                                            <\/div>\n                                                        <div class=\"project-item\">\n                                                    <div class=\"img-square\">\n                                <img decoding=\"async\" src=\"https:\/\/www.vacuum-glas.eu\/wp-content\/uploads\/2023\/12\/Vacuumglas_Amsterdam_west.jpg\" alt=\"globalglassgroup\">\n                            <\/div>\n                            <div class=\"project-content\">\n                                                                    <h3 class=\"project-title\">Vacu\u00fcmglas Amsterdam West<\/h3>\n                                                                                            <\/div>\n                                            <\/div>\n                            <\/div>\n        \t\t\t\t<\/div>\n\t\t\t\t<\/div>\n\t\t\t\t\t<\/div>\n\t\t<\/div>\n\t\t\t\t\t<\/div>\n\t\t<\/section>\n\t\t\t\t<\/div>\n\t\t","protected":false},"excerpt":{"rendered":"<p>Referenzen vacuum-glas-eu Vacuum-glas.eu hat die Schaufel von NedVac mit einem U-Wert von 0,4 im ersten Haus in Westeuropa eingesetzt. Diese einzigartige Situation ereignete sich in einem Testhaus einer Wohnungsbaugenossenschaft im Norden von Amsterdam, bei dem die urspr\u00fcnglichen Fensterrahmen beibehalten werden konnten. Durch diese Wahl wurden nicht nur Kosten gespart, sondern auch der h\u00f6chstm\u00f6gliche D\u00e4mmwert erreicht. [&hellip;]<\/p>\n","protected":false},"author":1,"featured_media":2423,"parent":2658,"menu_order":8,"comment_status":"closed","ping_status":"closed","template":"","meta":{"_acf_changed":false,"inline_featured_image":false,"footnotes":""},"class_list":["post-2723","page","type-page","status-publish","has-post-thumbnail","hentry"],"acf":[],"yoast_head":"<!-- This site is optimized with the Yoast SEO plugin v27.3 - https:\/\/yoast.com\/product\/yoast-seo-wordpress\/ -->\n<title>Referenzen - Vacuum glas<\/title>\n<meta name=\"description\" content=\"Door Vacuum-Glas.EU is de primeur van NedVac met een U-waarde van 0.4 toegepast in de eerste woning in West-Europa.\" \/>\n<meta name=\"robots\" content=\"index, follow, max-snippet:-1, max-image-preview:large, max-video-preview:-1\" \/>\n<link rel=\"canonical\" href=\"https:\/\/www.vacuum-glas.eu\/de\/geschaftskunde\/referenzen\/\" \/>\n<meta property=\"og:locale\" content=\"de_DE\" \/>\n<meta property=\"og:type\" content=\"article\" \/>\n<meta property=\"og:title\" content=\"Referenzen - Vacuum glas\" \/>\n<meta property=\"og:description\" content=\"Door Vacuum-Glas.EU is de primeur van NedVac met een U-waarde van 0.4 toegepast in de eerste woning in West-Europa.\" \/>\n<meta property=\"og:url\" content=\"https:\/\/www.vacuum-glas.eu\/de\/geschaftskunde\/referenzen\/\" \/>\n<meta property=\"og:site_name\" content=\"Vacuum glas\" \/>\n<meta property=\"article:modified_time\" content=\"2024-10-21T08:49:11+00:00\" \/>\n<meta property=\"og:image\" content=\"https:\/\/www.vacuum-glas.eu\/wp-content\/uploads\/2023\/12\/vacuum-glas-referenties.jpg\" \/>\n\t<meta property=\"og:image:width\" content=\"1024\" \/>\n\t<meta property=\"og:image:height\" content=\"768\" \/>\n\t<meta property=\"og:image:type\" content=\"image\/jpeg\" \/>\n<meta name=\"twitter:card\" content=\"summary_large_image\" \/>\n<meta name=\"twitter:label1\" content=\"Gesch\u00e4tzte Lesezeit\" \/>\n\t<meta name=\"twitter:data1\" content=\"2\u00a0Minuten\" \/>\n<script type=\"application\/ld+json\" class=\"yoast-schema-graph\">{\"@context\":\"https:\\\/\\\/schema.org\",\"@graph\":[{\"@type\":\"WebPage\",\"@id\":\"https:\\\/\\\/www.vacuum-glas.eu\\\/de\\\/geschaftskunde\\\/referenzen\\\/\",\"url\":\"https:\\\/\\\/www.vacuum-glas.eu\\\/de\\\/geschaftskunde\\\/referenzen\\\/\",\"name\":\"Referenzen - Vacuum glas\",\"isPartOf\":{\"@id\":\"https:\\\/\\\/www.vacuum-glas.eu\\\/de\\\/#website\"},\"primaryImageOfPage\":{\"@id\":\"https:\\\/\\\/www.vacuum-glas.eu\\\/de\\\/geschaftskunde\\\/referenzen\\\/#primaryimage\"},\"image\":{\"@id\":\"https:\\\/\\\/www.vacuum-glas.eu\\\/de\\\/geschaftskunde\\\/referenzen\\\/#primaryimage\"},\"thumbnailUrl\":\"https:\\\/\\\/www.vacuum-glas.eu\\\/wp-content\\\/uploads\\\/2023\\\/12\\\/vacuum-glas-referenties.jpg\",\"datePublished\":\"2023-12-20T12:36:48+00:00\",\"dateModified\":\"2024-10-21T08:49:11+00:00\",\"description\":\"Door Vacuum-Glas.EU is de primeur van NedVac met een U-waarde van 0.4 toegepast in de eerste woning in West-Europa.\",\"breadcrumb\":{\"@id\":\"https:\\\/\\\/www.vacuum-glas.eu\\\/de\\\/geschaftskunde\\\/referenzen\\\/#breadcrumb\"},\"inLanguage\":\"de\",\"potentialAction\":[{\"@type\":\"ReadAction\",\"target\":[\"https:\\\/\\\/www.vacuum-glas.eu\\\/de\\\/geschaftskunde\\\/referenzen\\\/\"]}]},{\"@type\":\"ImageObject\",\"inLanguage\":\"de\",\"@id\":\"https:\\\/\\\/www.vacuum-glas.eu\\\/de\\\/geschaftskunde\\\/referenzen\\\/#primaryimage\",\"url\":\"https:\\\/\\\/www.vacuum-glas.eu\\\/wp-content\\\/uploads\\\/2023\\\/12\\\/vacuum-glas-referenties.jpg\",\"contentUrl\":\"https:\\\/\\\/www.vacuum-glas.eu\\\/wp-content\\\/uploads\\\/2023\\\/12\\\/vacuum-glas-referenties.jpg\",\"width\":1024,\"height\":768,\"caption\":\"vacuum glas referenties\"},{\"@type\":\"BreadcrumbList\",\"@id\":\"https:\\\/\\\/www.vacuum-glas.eu\\\/de\\\/geschaftskunde\\\/referenzen\\\/#breadcrumb\",\"itemListElement\":[{\"@type\":\"ListItem\",\"position\":1,\"name\":\"Home\",\"item\":\"https:\\\/\\\/www.vacuum-glas.eu\\\/de\\\/\"},{\"@type\":\"ListItem\",\"position\":2,\"name\":\"zakelijk\",\"item\":\"https:\\\/\\\/www.vacuum-glas.eu\\\/de\\\/zakelijk\\\/\"},{\"@type\":\"ListItem\",\"position\":3,\"name\":\"Referenzen\"}]},{\"@type\":\"WebSite\",\"@id\":\"https:\\\/\\\/www.vacuum-glas.eu\\\/de\\\/#website\",\"url\":\"https:\\\/\\\/www.vacuum-glas.eu\\\/de\\\/\",\"name\":\"Vacuum glas\",\"description\":\"Insulation value for the future\",\"publisher\":{\"@id\":\"https:\\\/\\\/www.vacuum-glas.eu\\\/de\\\/#organization\"},\"potentialAction\":[{\"@type\":\"SearchAction\",\"target\":{\"@type\":\"EntryPoint\",\"urlTemplate\":\"https:\\\/\\\/www.vacuum-glas.eu\\\/de\\\/?s={search_term_string}\"},\"query-input\":{\"@type\":\"PropertyValueSpecification\",\"valueRequired\":true,\"valueName\":\"search_term_string\"}}],\"inLanguage\":\"de\"},{\"@type\":\"Organization\",\"@id\":\"https:\\\/\\\/www.vacuum-glas.eu\\\/de\\\/#organization\",\"name\":\"Vacuum glas\",\"url\":\"https:\\\/\\\/www.vacuum-glas.eu\\\/de\\\/\",\"logo\":{\"@type\":\"ImageObject\",\"inLanguage\":\"de\",\"@id\":\"https:\\\/\\\/www.vacuum-glas.eu\\\/de\\\/#\\\/schema\\\/logo\\\/image\\\/\",\"url\":\"https:\\\/\\\/www.vacuum-glas.eu\\\/wp-content\\\/uploads\\\/2023\\\/05\\\/logo.png\",\"contentUrl\":\"https:\\\/\\\/www.vacuum-glas.eu\\\/wp-content\\\/uploads\\\/2023\\\/05\\\/logo.png\",\"width\":268,\"height\":108,\"caption\":\"Vacuum glas\"},\"image\":{\"@id\":\"https:\\\/\\\/www.vacuum-glas.eu\\\/de\\\/#\\\/schema\\\/logo\\\/image\\\/\"}}]}<\/script>\n<!-- \/ Yoast SEO plugin. -->","yoast_head_json":{"title":"Referenzen - Vacuum glas","description":"Door Vacuum-Glas.EU is de primeur van NedVac met een U-waarde van 0.4 toegepast in de eerste woning in West-Europa.","robots":{"index":"index","follow":"follow","max-snippet":"max-snippet:-1","max-image-preview":"max-image-preview:large","max-video-preview":"max-video-preview:-1"},"canonical":"https:\/\/www.vacuum-glas.eu\/de\/geschaftskunde\/referenzen\/","og_locale":"de_DE","og_type":"article","og_title":"Referenzen - Vacuum glas","og_description":"Door Vacuum-Glas.EU is de primeur van NedVac met een U-waarde van 0.4 toegepast in de eerste woning in West-Europa.","og_url":"https:\/\/www.vacuum-glas.eu\/de\/geschaftskunde\/referenzen\/","og_site_name":"Vacuum glas","article_modified_time":"2024-10-21T08:49:11+00:00","og_image":[{"width":1024,"height":768,"url":"https:\/\/www.vacuum-glas.eu\/wp-content\/uploads\/2023\/12\/vacuum-glas-referenties.jpg","type":"image\/jpeg"}],"twitter_card":"summary_large_image","twitter_misc":{"Gesch\u00e4tzte Lesezeit":"2\u00a0Minuten"},"schema":{"@context":"https:\/\/schema.org","@graph":[{"@type":"WebPage","@id":"https:\/\/www.vacuum-glas.eu\/de\/geschaftskunde\/referenzen\/","url":"https:\/\/www.vacuum-glas.eu\/de\/geschaftskunde\/referenzen\/","name":"Referenzen - Vacuum glas","isPartOf":{"@id":"https:\/\/www.vacuum-glas.eu\/de\/#website"},"primaryImageOfPage":{"@id":"https:\/\/www.vacuum-glas.eu\/de\/geschaftskunde\/referenzen\/#primaryimage"},"image":{"@id":"https:\/\/www.vacuum-glas.eu\/de\/geschaftskunde\/referenzen\/#primaryimage"},"thumbnailUrl":"https:\/\/www.vacuum-glas.eu\/wp-content\/uploads\/2023\/12\/vacuum-glas-referenties.jpg","datePublished":"2023-12-20T12:36:48+00:00","dateModified":"2024-10-21T08:49:11+00:00","description":"Door Vacuum-Glas.EU is de primeur van NedVac met een U-waarde van 0.4 toegepast in de eerste woning in West-Europa.","breadcrumb":{"@id":"https:\/\/www.vacuum-glas.eu\/de\/geschaftskunde\/referenzen\/#breadcrumb"},"inLanguage":"de","potentialAction":[{"@type":"ReadAction","target":["https:\/\/www.vacuum-glas.eu\/de\/geschaftskunde\/referenzen\/"]}]},{"@type":"ImageObject","inLanguage":"de","@id":"https:\/\/www.vacuum-glas.eu\/de\/geschaftskunde\/referenzen\/#primaryimage","url":"https:\/\/www.vacuum-glas.eu\/wp-content\/uploads\/2023\/12\/vacuum-glas-referenties.jpg","contentUrl":"https:\/\/www.vacuum-glas.eu\/wp-content\/uploads\/2023\/12\/vacuum-glas-referenties.jpg","width":1024,"height":768,"caption":"vacuum glas referenties"},{"@type":"BreadcrumbList","@id":"https:\/\/www.vacuum-glas.eu\/de\/geschaftskunde\/referenzen\/#breadcrumb","itemListElement":[{"@type":"ListItem","position":1,"name":"Home","item":"https:\/\/www.vacuum-glas.eu\/de\/"},{"@type":"ListItem","position":2,"name":"zakelijk","item":"https:\/\/www.vacuum-glas.eu\/de\/zakelijk\/"},{"@type":"ListItem","position":3,"name":"Referenzen"}]},{"@type":"WebSite","@id":"https:\/\/www.vacuum-glas.eu\/de\/#website","url":"https:\/\/www.vacuum-glas.eu\/de\/","name":"Vacuum glas","description":"Insulation value for the future","publisher":{"@id":"https:\/\/www.vacuum-glas.eu\/de\/#organization"},"potentialAction":[{"@type":"SearchAction","target":{"@type":"EntryPoint","urlTemplate":"https:\/\/www.vacuum-glas.eu\/de\/?s={search_term_string}"},"query-input":{"@type":"PropertyValueSpecification","valueRequired":true,"valueName":"search_term_string"}}],"inLanguage":"de"},{"@type":"Organization","@id":"https:\/\/www.vacuum-glas.eu\/de\/#organization","name":"Vacuum glas","url":"https:\/\/www.vacuum-glas.eu\/de\/","logo":{"@type":"ImageObject","inLanguage":"de","@id":"https:\/\/www.vacuum-glas.eu\/de\/#\/schema\/logo\/image\/","url":"https:\/\/www.vacuum-glas.eu\/wp-content\/uploads\/2023\/05\/logo.png","contentUrl":"https:\/\/www.vacuum-glas.eu\/wp-content\/uploads\/2023\/05\/logo.png","width":268,"height":108,"caption":"Vacuum glas"},"image":{"@id":"https:\/\/www.vacuum-glas.eu\/de\/#\/schema\/logo\/image\/"}}]}},"_links":{"self":[{"href":"https:\/\/www.vacuum-glas.eu\/de\/wp-json\/wp\/v2\/pages\/2723","targetHints":{"allow":["GET"]}}],"collection":[{"href":"https:\/\/www.vacuum-glas.eu\/de\/wp-json\/wp\/v2\/pages"}],"about":[{"href":"https:\/\/www.vacuum-glas.eu\/de\/wp-json\/wp\/v2\/types\/page"}],"author":[{"embeddable":true,"href":"https:\/\/www.vacuum-glas.eu\/de\/wp-json\/wp\/v2\/users\/1"}],"replies":[{"embeddable":true,"href":"https:\/\/www.vacuum-glas.eu\/de\/wp-json\/wp\/v2\/comments?post=2723"}],"version-history":[{"count":11,"href":"https:\/\/www.vacuum-glas.eu\/de\/wp-json\/wp\/v2\/pages\/2723\/revisions"}],"predecessor-version":[{"id":3164,"href":"https:\/\/www.vacuum-glas.eu\/de\/wp-json\/wp\/v2\/pages\/2723\/revisions\/3164"}],"up":[{"embeddable":true,"href":"https:\/\/www.vacuum-glas.eu\/de\/wp-json\/wp\/v2\/pages\/2658"}],"wp:featuredmedia":[{"embeddable":true,"href":"https:\/\/www.vacuum-glas.eu\/de\/wp-json\/wp\/v2\/media\/2423"}],"wp:attachment":[{"href":"https:\/\/www.vacuum-glas.eu\/de\/wp-json\/wp\/v2\/media?parent=2723"}],"curies":[{"name":"wp","href":"https:\/\/api.w.org\/{rel}","templated":true}]}}