{"id":2709,"date":"2024-10-10T10:59:02","date_gmt":"2024-10-10T10:59:02","guid":{"rendered":"https:\/\/www.vacuum-glas.eu\/zakelijk\/producten\/"},"modified":"2024-10-18T11:38:12","modified_gmt":"2024-10-18T11:38:12","slug":"produkte","status":"publish","type":"page","link":"https:\/\/www.vacuum-glas.eu\/de\/geschaftskunde\/produkte\/","title":{"rendered":"Produkte"},"content":{"rendered":"\t\t<div data-elementor-type=\"wp-page\" data-elementor-id=\"2709\" class=\"elementor elementor-2709 elementor-1974\" data-elementor-post-type=\"page\">\n\t\t\t\t\t\t<section class=\"elementor-section elementor-top-section elementor-element elementor-element-b0d5352 elementor-section-full_width elementor-section-height-default elementor-section-height-default\" data-id=\"b0d5352\" data-element_type=\"section\">\n\t\t\t\t\t\t<div class=\"elementor-container elementor-column-gap-no\">\n\t\t\t\t\t<div class=\"elementor-column elementor-col-100 elementor-top-column elementor-element elementor-element-ecec206\" data-id=\"ecec206\" data-element_type=\"column\">\n\t\t\t<div class=\"elementor-widget-wrap elementor-element-populated\">\n\t\t\t\t\t\t<div class=\"elementor-element elementor-element-324aed7 elementor-widget elementor-widget-particulier_custom\" data-id=\"324aed7\" data-element_type=\"widget\" data-widget_type=\"particulier_custom.default\">\n\t\t\t\t<div class=\"elementor-widget-container\">\n\t\t\t\t\t\n                    <div class=\"particulier_custom\">\n                                                        <div class=\"item\" style=\"background-image: url(https:\/\/www.vacuum-glas.eu\/wp-content\/uploads\/2024\/10\/vacuum-glas-isolatie.jpg);\">\n                        <div class=\"box\">\n                                                            <h1>Unsere Produkte<\/h1>\n                                                    <\/div>\n                    <\/div>\n                            <\/div>\n        \t\t\t\t<\/div>\n\t\t\t\t<\/div>\n\t\t\t\t\t<\/div>\n\t\t<\/div>\n\t\t\t\t\t<\/div>\n\t\t<\/section>\n\t\t\t\t<section class=\"elementor-section elementor-top-section elementor-element elementor-element-1237ee6 section-2 inner-content elementor-section-boxed elementor-section-height-default elementor-section-height-default\" data-id=\"1237ee6\" data-element_type=\"section\">\n\t\t\t\t\t\t<div class=\"elementor-container elementor-column-gap-default\">\n\t\t\t\t\t<div class=\"elementor-column elementor-col-100 elementor-top-column elementor-element elementor-element-d176fa2\" data-id=\"d176fa2\" data-element_type=\"column\">\n\t\t\t<div class=\"elementor-widget-wrap elementor-element-populated\">\n\t\t\t\t\t\t<div class=\"elementor-element elementor-element-fa0518d elementor-widget elementor-widget-image\" data-id=\"fa0518d\" data-element_type=\"widget\" data-widget_type=\"image.default\">\n\t\t\t\t<div class=\"elementor-widget-container\">\n\t\t\t\t\t\t\t\t\t\t\t\t\t\t\t<img fetchpriority=\"high\" decoding=\"async\" width=\"724\" height=\"1024\" src=\"https:\/\/www.vacuum-glas.eu\/wp-content\/uploads\/2024\/10\/GGG-Vacuumglas-Saphire-Onyx-724x1024.jpg\" class=\"attachment-large size-large wp-image-2583\" alt=\"\" srcset=\"https:\/\/www.vacuum-glas.eu\/wp-content\/uploads\/2024\/10\/GGG-Vacuumglas-Saphire-Onyx-724x1024.jpg 724w, https:\/\/www.vacuum-glas.eu\/wp-content\/uploads\/2024\/10\/GGG-Vacuumglas-Saphire-Onyx-212x300.jpg 212w, https:\/\/www.vacuum-glas.eu\/wp-content\/uploads\/2024\/10\/GGG-Vacuumglas-Saphire-Onyx-768x1086.jpg 768w, https:\/\/www.vacuum-glas.eu\/wp-content\/uploads\/2024\/10\/GGG-Vacuumglas-Saphire-Onyx-1086x1536.jpg 1086w, https:\/\/www.vacuum-glas.eu\/wp-content\/uploads\/2024\/10\/GGG-Vacuumglas-Saphire-Onyx-1448x2048.jpg 1448w, https:\/\/www.vacuum-glas.eu\/wp-content\/uploads\/2024\/10\/GGG-Vacuumglas-Saphire-Onyx-scaled.jpg 1811w\" sizes=\"(max-width: 724px) 100vw, 724px\" \/>\t\t\t\t\t\t\t\t\t\t\t\t\t\t\t<\/div>\n\t\t\t\t<\/div>\n\t\t\t\t<div class=\"elementor-element elementor-element-cb1d590 elementor-widget elementor-widget-spacer\" data-id=\"cb1d590\" data-element_type=\"widget\" data-widget_type=\"spacer.default\">\n\t\t\t\t<div class=\"elementor-widget-container\">\n\t\t\t\t\t\t\t<div class=\"elementor-spacer\">\n\t\t\t<div class=\"elementor-spacer-inner\"><\/div>\n\t\t<\/div>\n\t\t\t\t\t\t<\/div>\n\t\t\t\t<\/div>\n\t\t\t\t<div class=\"elementor-element elementor-element-7f4c587 elementor-widget elementor-widget-button\" data-id=\"7f4c587\" data-element_type=\"widget\" data-widget_type=\"button.default\">\n\t\t\t\t<div class=\"elementor-widget-container\">\n\t\t\t\t\t\t\t\t\t<div class=\"elementor-button-wrapper\">\n\t\t\t\t\t<a class=\"elementor-button elementor-button-link elementor-size-sm\" href=\"https:\/\/www.vacuum-glas.eu\/wp-content\/uploads\/2024\/10\/24046-GGG-Vacuumglas-brochure-beurs-2024.pdf\" target=\"_blank\">\n\t\t\t\t\t\t<span class=\"elementor-button-content-wrapper\">\n\t\t\t\t\t\t\t\t\t<span class=\"elementor-button-text\">Brosch\u00fcre herunterladen<\/span>\n\t\t\t\t\t<\/span>\n\t\t\t\t\t<\/a>\n\t\t\t\t<\/div>\n\t\t\t\t\t\t\t\t<\/div>\n\t\t\t\t<\/div>\n\t\t\t\t<div class=\"elementor-element elementor-element-0f3b681 elementor-widget-divider--view-line elementor-widget elementor-widget-divider\" data-id=\"0f3b681\" data-element_type=\"widget\" data-widget_type=\"divider.default\">\n\t\t\t\t<div class=\"elementor-widget-container\">\n\t\t\t\t\t\t\t<div class=\"elementor-divider\">\n\t\t\t<span class=\"elementor-divider-separator\">\n\t\t\t\t\t\t<\/span>\n\t\t<\/div>\n\t\t\t\t\t\t<\/div>\n\t\t\t\t<\/div>\n\t\t\t\t<div class=\"elementor-element elementor-element-b389497 elementor-widget elementor-widget-heading\" data-id=\"b389497\" data-element_type=\"widget\" data-widget_type=\"heading.default\">\n\t\t\t\t<div class=\"elementor-widget-container\">\n\t\t\t\t\t<h2 class=\"elementor-heading-title elementor-size-default\">GG-NEDVAC SAPPHIRE<\/h2>\t\t\t\t<\/div>\n\t\t\t\t<\/div>\n\t\t\t\t<div class=\"elementor-element elementor-element-7989528 elementor-widget elementor-widget-image\" data-id=\"7989528\" data-element_type=\"widget\" data-widget_type=\"image.default\">\n\t\t\t\t<div class=\"elementor-widget-container\">\n\t\t\t\t\t\t\t\t\t\t\t\t\t\t\t<img decoding=\"async\" width=\"724\" height=\"1024\" src=\"https:\/\/www.vacuum-glas.eu\/wp-content\/uploads\/2024\/10\/GG-NedVac-Sapphire-specificaties-724x1024.jpg\" class=\"attachment-large size-large wp-image-2593\" alt=\"\" srcset=\"https:\/\/www.vacuum-glas.eu\/wp-content\/uploads\/2024\/10\/GG-NedVac-Sapphire-specificaties-724x1024.jpg 724w, https:\/\/www.vacuum-glas.eu\/wp-content\/uploads\/2024\/10\/GG-NedVac-Sapphire-specificaties-212x300.jpg 212w, https:\/\/www.vacuum-glas.eu\/wp-content\/uploads\/2024\/10\/GG-NedVac-Sapphire-specificaties-768x1086.jpg 768w, https:\/\/www.vacuum-glas.eu\/wp-content\/uploads\/2024\/10\/GG-NedVac-Sapphire-specificaties-1086x1536.jpg 1086w, https:\/\/www.vacuum-glas.eu\/wp-content\/uploads\/2024\/10\/GG-NedVac-Sapphire-specificaties-1448x2048.jpg 1448w, https:\/\/www.vacuum-glas.eu\/wp-content\/uploads\/2024\/10\/GG-NedVac-Sapphire-specificaties-scaled.jpg 1811w\" sizes=\"(max-width: 724px) 100vw, 724px\" \/>\t\t\t\t\t\t\t\t\t\t\t\t\t\t\t<\/div>\n\t\t\t\t<\/div>\n\t\t\t\t<div class=\"elementor-element elementor-element-ee62586 elementor-widget elementor-widget-spacer\" data-id=\"ee62586\" data-element_type=\"widget\" data-widget_type=\"spacer.default\">\n\t\t\t\t<div class=\"elementor-widget-container\">\n\t\t\t\t\t\t\t<div class=\"elementor-spacer\">\n\t\t\t<div class=\"elementor-spacer-inner\"><\/div>\n\t\t<\/div>\n\t\t\t\t\t\t<\/div>\n\t\t\t\t<\/div>\n\t\t\t\t<div class=\"elementor-element elementor-element-f24d2b6 elementor-widget elementor-widget-button\" data-id=\"f24d2b6\" data-element_type=\"widget\" data-widget_type=\"button.default\">\n\t\t\t\t<div class=\"elementor-widget-container\">\n\t\t\t\t\t\t\t\t\t<div class=\"elementor-button-wrapper\">\n\t\t\t\t\t<a class=\"elementor-button elementor-button-link elementor-size-sm\" href=\"https:\/\/www.vacuum-glas.eu\/wp-content\/uploads\/2024\/10\/08102024-GG-NedVac-Sapphire-specificaties-.pdf\" target=\"_blank\">\n\t\t\t\t\t\t<span class=\"elementor-button-content-wrapper\">\n\t\t\t\t\t\t\t\t\t<span class=\"elementor-button-text\">Brosch\u00fcre GG-Nedvac Sapphire herunterladen <\/span>\n\t\t\t\t\t<\/span>\n\t\t\t\t\t<\/a>\n\t\t\t\t<\/div>\n\t\t\t\t\t\t\t\t<\/div>\n\t\t\t\t<\/div>\n\t\t\t\t<div class=\"elementor-element elementor-element-9945545 elementor-widget-divider--view-line elementor-widget elementor-widget-divider\" data-id=\"9945545\" data-element_type=\"widget\" data-widget_type=\"divider.default\">\n\t\t\t\t<div class=\"elementor-widget-container\">\n\t\t\t\t\t\t\t<div class=\"elementor-divider\">\n\t\t\t<span class=\"elementor-divider-separator\">\n\t\t\t\t\t\t<\/span>\n\t\t<\/div>\n\t\t\t\t\t\t<\/div>\n\t\t\t\t<\/div>\n\t\t\t\t<div class=\"elementor-element elementor-element-ad4b783 elementor-widget elementor-widget-heading\" data-id=\"ad4b783\" data-element_type=\"widget\" data-widget_type=\"heading.default\">\n\t\t\t\t<div class=\"elementor-widget-container\">\n\t\t\t\t\t<h2 class=\"elementor-heading-title elementor-size-default\">GG-NEDVAC ONYX<\/h2>\t\t\t\t<\/div>\n\t\t\t\t<\/div>\n\t\t\t\t<div class=\"elementor-element elementor-element-d6cd8c5 elementor-widget elementor-widget-image\" data-id=\"d6cd8c5\" data-element_type=\"widget\" data-widget_type=\"image.default\">\n\t\t\t\t<div class=\"elementor-widget-container\">\n\t\t\t\t\t\t\t\t\t\t\t\t\t\t\t<img decoding=\"async\" width=\"724\" height=\"1024\" src=\"https:\/\/www.vacuum-glas.eu\/wp-content\/uploads\/2024\/10\/GG-NedVac-Onyx-productspecificaties-724x1024.jpg\" class=\"attachment-large size-large wp-image-2595\" alt=\"\" srcset=\"https:\/\/www.vacuum-glas.eu\/wp-content\/uploads\/2024\/10\/GG-NedVac-Onyx-productspecificaties-724x1024.jpg 724w, https:\/\/www.vacuum-glas.eu\/wp-content\/uploads\/2024\/10\/GG-NedVac-Onyx-productspecificaties-212x300.jpg 212w, https:\/\/www.vacuum-glas.eu\/wp-content\/uploads\/2024\/10\/GG-NedVac-Onyx-productspecificaties-768x1086.jpg 768w, https:\/\/www.vacuum-glas.eu\/wp-content\/uploads\/2024\/10\/GG-NedVac-Onyx-productspecificaties-1086x1536.jpg 1086w, https:\/\/www.vacuum-glas.eu\/wp-content\/uploads\/2024\/10\/GG-NedVac-Onyx-productspecificaties-1448x2048.jpg 1448w, https:\/\/www.vacuum-glas.eu\/wp-content\/uploads\/2024\/10\/GG-NedVac-Onyx-productspecificaties-scaled.jpg 1811w\" sizes=\"(max-width: 724px) 100vw, 724px\" \/>\t\t\t\t\t\t\t\t\t\t\t\t\t\t\t<\/div>\n\t\t\t\t<\/div>\n\t\t\t\t<div class=\"elementor-element elementor-element-1c4e80e elementor-widget elementor-widget-spacer\" data-id=\"1c4e80e\" data-element_type=\"widget\" data-widget_type=\"spacer.default\">\n\t\t\t\t<div class=\"elementor-widget-container\">\n\t\t\t\t\t\t\t<div class=\"elementor-spacer\">\n\t\t\t<div class=\"elementor-spacer-inner\"><\/div>\n\t\t<\/div>\n\t\t\t\t\t\t<\/div>\n\t\t\t\t<\/div>\n\t\t\t\t<div class=\"elementor-element elementor-element-9545522 elementor-widget elementor-widget-button\" data-id=\"9545522\" data-element_type=\"widget\" data-widget_type=\"button.default\">\n\t\t\t\t<div class=\"elementor-widget-container\">\n\t\t\t\t\t\t\t\t\t<div class=\"elementor-button-wrapper\">\n\t\t\t\t\t<a class=\"elementor-button elementor-button-link elementor-size-sm\" href=\"https:\/\/www.vacuum-glas.eu\/wp-content\/uploads\/2024\/10\/08102024-GG-NedVac-Onyx-productspecificaties.pdf\" target=\"_blank\">\n\t\t\t\t\t\t<span class=\"elementor-button-content-wrapper\">\n\t\t\t\t\t\t\t\t\t<span class=\"elementor-button-text\">Brosch\u00fcre GG-Nedvac Onyx herunterladen<\/span>\n\t\t\t\t\t<\/span>\n\t\t\t\t\t<\/a>\n\t\t\t\t<\/div>\n\t\t\t\t\t\t\t\t<\/div>\n\t\t\t\t<\/div>\n\t\t\t\t\t<\/div>\n\t\t<\/div>\n\t\t\t\t\t<\/div>\n\t\t<\/section>\n\t\t\t\t<\/div>\n\t\t","protected":false},"excerpt":{"rendered":"<p>Unsere Produkte Brosch\u00fcre herunterladen GG-NEDVAC SAPPHIRE Brosch\u00fcre GG-Nedvac Sapphire herunterladen GG-NEDVAC ONYX Brosch\u00fcre GG-Nedvac Onyx herunterladen<\/p>\n","protected":false},"author":1,"featured_media":0,"parent":2658,"menu_order":16,"comment_status":"closed","ping_status":"closed","template":"","meta":{"_acf_changed":false,"inline_featured_image":false,"footnotes":""},"class_list":["post-2709","page","type-page","status-publish","hentry"],"acf":[],"yoast_head":"<!-- This site is optimized with the Yoast SEO plugin v27.3 - https:\/\/yoast.com\/product\/yoast-seo-wordpress\/ -->\n<title>Produkte - Vacuum glas<\/title>\n<meta name=\"description\" content=\"Vergelijking andere glassoorten GG-NedVac Sapphire en GG-NedVac Onyx\" \/>\n<meta name=\"robots\" content=\"index, follow, max-snippet:-1, max-image-preview:large, max-video-preview:-1\" \/>\n<link rel=\"canonical\" href=\"https:\/\/www.vacuum-glas.eu\/de\/geschaftskunde\/produkte\/\" \/>\n<meta property=\"og:locale\" content=\"de_DE\" \/>\n<meta property=\"og:type\" content=\"article\" \/>\n<meta property=\"og:title\" content=\"Produkte - Vacuum glas\" \/>\n<meta property=\"og:description\" content=\"Vergelijking andere glassoorten GG-NedVac Sapphire en GG-NedVac Onyx\" \/>\n<meta property=\"og:url\" content=\"https:\/\/www.vacuum-glas.eu\/de\/geschaftskunde\/produkte\/\" \/>\n<meta property=\"og:site_name\" content=\"Vacuum glas\" \/>\n<meta property=\"article:modified_time\" content=\"2024-10-18T11:38:12+00:00\" \/>\n<meta property=\"og:image\" content=\"https:\/\/www.vacuum-glas.eu\/wp-content\/uploads\/2024\/10\/GGG-Vacuumglas-Saphire-Onyx-724x1024.jpg\" \/>\n<meta name=\"twitter:card\" content=\"summary_large_image\" \/>\n<meta name=\"twitter:label1\" content=\"Gesch\u00e4tzte Lesezeit\" \/>\n\t<meta name=\"twitter:data1\" content=\"1\u00a0Minute\" \/>\n<script type=\"application\/ld+json\" class=\"yoast-schema-graph\">{\"@context\":\"https:\\\/\\\/schema.org\",\"@graph\":[{\"@type\":\"WebPage\",\"@id\":\"https:\\\/\\\/www.vacuum-glas.eu\\\/de\\\/geschaftskunde\\\/produkte\\\/\",\"url\":\"https:\\\/\\\/www.vacuum-glas.eu\\\/de\\\/geschaftskunde\\\/produkte\\\/\",\"name\":\"Produkte - Vacuum glas\",\"isPartOf\":{\"@id\":\"https:\\\/\\\/www.vacuum-glas.eu\\\/de\\\/#website\"},\"primaryImageOfPage\":{\"@id\":\"https:\\\/\\\/www.vacuum-glas.eu\\\/de\\\/geschaftskunde\\\/produkte\\\/#primaryimage\"},\"image\":{\"@id\":\"https:\\\/\\\/www.vacuum-glas.eu\\\/de\\\/geschaftskunde\\\/produkte\\\/#primaryimage\"},\"thumbnailUrl\":\"https:\\\/\\\/www.vacuum-glas.eu\\\/wp-content\\\/uploads\\\/2024\\\/10\\\/GGG-Vacuumglas-Saphire-Onyx-724x1024.jpg\",\"datePublished\":\"2024-10-10T10:59:02+00:00\",\"dateModified\":\"2024-10-18T11:38:12+00:00\",\"description\":\"Vergelijking andere glassoorten GG-NedVac Sapphire en GG-NedVac Onyx\",\"breadcrumb\":{\"@id\":\"https:\\\/\\\/www.vacuum-glas.eu\\\/de\\\/geschaftskunde\\\/produkte\\\/#breadcrumb\"},\"inLanguage\":\"de\",\"potentialAction\":[{\"@type\":\"ReadAction\",\"target\":[\"https:\\\/\\\/www.vacuum-glas.eu\\\/de\\\/geschaftskunde\\\/produkte\\\/\"]}]},{\"@type\":\"ImageObject\",\"inLanguage\":\"de\",\"@id\":\"https:\\\/\\\/www.vacuum-glas.eu\\\/de\\\/geschaftskunde\\\/produkte\\\/#primaryimage\",\"url\":\"https:\\\/\\\/www.vacuum-glas.eu\\\/wp-content\\\/uploads\\\/2024\\\/10\\\/GGG-Vacuumglas-Saphire-Onyx-724x1024.jpg\",\"contentUrl\":\"https:\\\/\\\/www.vacuum-glas.eu\\\/wp-content\\\/uploads\\\/2024\\\/10\\\/GGG-Vacuumglas-Saphire-Onyx-724x1024.jpg\"},{\"@type\":\"BreadcrumbList\",\"@id\":\"https:\\\/\\\/www.vacuum-glas.eu\\\/de\\\/geschaftskunde\\\/produkte\\\/#breadcrumb\",\"itemListElement\":[{\"@type\":\"ListItem\",\"position\":1,\"name\":\"Home\",\"item\":\"https:\\\/\\\/www.vacuum-glas.eu\\\/de\\\/\"},{\"@type\":\"ListItem\",\"position\":2,\"name\":\"zakelijk\",\"item\":\"https:\\\/\\\/www.vacuum-glas.eu\\\/de\\\/zakelijk\\\/\"},{\"@type\":\"ListItem\",\"position\":3,\"name\":\"Produkte\"}]},{\"@type\":\"WebSite\",\"@id\":\"https:\\\/\\\/www.vacuum-glas.eu\\\/de\\\/#website\",\"url\":\"https:\\\/\\\/www.vacuum-glas.eu\\\/de\\\/\",\"name\":\"Vacuum glas\",\"description\":\"Insulation value for the future\",\"publisher\":{\"@id\":\"https:\\\/\\\/www.vacuum-glas.eu\\\/de\\\/#organization\"},\"potentialAction\":[{\"@type\":\"SearchAction\",\"target\":{\"@type\":\"EntryPoint\",\"urlTemplate\":\"https:\\\/\\\/www.vacuum-glas.eu\\\/de\\\/?s={search_term_string}\"},\"query-input\":{\"@type\":\"PropertyValueSpecification\",\"valueRequired\":true,\"valueName\":\"search_term_string\"}}],\"inLanguage\":\"de\"},{\"@type\":\"Organization\",\"@id\":\"https:\\\/\\\/www.vacuum-glas.eu\\\/de\\\/#organization\",\"name\":\"Vacuum glas\",\"url\":\"https:\\\/\\\/www.vacuum-glas.eu\\\/de\\\/\",\"logo\":{\"@type\":\"ImageObject\",\"inLanguage\":\"de\",\"@id\":\"https:\\\/\\\/www.vacuum-glas.eu\\\/de\\\/#\\\/schema\\\/logo\\\/image\\\/\",\"url\":\"https:\\\/\\\/www.vacuum-glas.eu\\\/wp-content\\\/uploads\\\/2023\\\/05\\\/logo.png\",\"contentUrl\":\"https:\\\/\\\/www.vacuum-glas.eu\\\/wp-content\\\/uploads\\\/2023\\\/05\\\/logo.png\",\"width\":268,\"height\":108,\"caption\":\"Vacuum glas\"},\"image\":{\"@id\":\"https:\\\/\\\/www.vacuum-glas.eu\\\/de\\\/#\\\/schema\\\/logo\\\/image\\\/\"}}]}<\/script>\n<!-- \/ Yoast SEO plugin. -->","yoast_head_json":{"title":"Produkte - Vacuum glas","description":"Vergelijking andere glassoorten GG-NedVac Sapphire en GG-NedVac Onyx","robots":{"index":"index","follow":"follow","max-snippet":"max-snippet:-1","max-image-preview":"max-image-preview:large","max-video-preview":"max-video-preview:-1"},"canonical":"https:\/\/www.vacuum-glas.eu\/de\/geschaftskunde\/produkte\/","og_locale":"de_DE","og_type":"article","og_title":"Produkte - Vacuum glas","og_description":"Vergelijking andere glassoorten GG-NedVac Sapphire en GG-NedVac Onyx","og_url":"https:\/\/www.vacuum-glas.eu\/de\/geschaftskunde\/produkte\/","og_site_name":"Vacuum glas","article_modified_time":"2024-10-18T11:38:12+00:00","og_image":[{"url":"https:\/\/www.vacuum-glas.eu\/wp-content\/uploads\/2024\/10\/GGG-Vacuumglas-Saphire-Onyx-724x1024.jpg","type":"","width":"","height":""}],"twitter_card":"summary_large_image","twitter_misc":{"Gesch\u00e4tzte Lesezeit":"1\u00a0Minute"},"schema":{"@context":"https:\/\/schema.org","@graph":[{"@type":"WebPage","@id":"https:\/\/www.vacuum-glas.eu\/de\/geschaftskunde\/produkte\/","url":"https:\/\/www.vacuum-glas.eu\/de\/geschaftskunde\/produkte\/","name":"Produkte - Vacuum glas","isPartOf":{"@id":"https:\/\/www.vacuum-glas.eu\/de\/#website"},"primaryImageOfPage":{"@id":"https:\/\/www.vacuum-glas.eu\/de\/geschaftskunde\/produkte\/#primaryimage"},"image":{"@id":"https:\/\/www.vacuum-glas.eu\/de\/geschaftskunde\/produkte\/#primaryimage"},"thumbnailUrl":"https:\/\/www.vacuum-glas.eu\/wp-content\/uploads\/2024\/10\/GGG-Vacuumglas-Saphire-Onyx-724x1024.jpg","datePublished":"2024-10-10T10:59:02+00:00","dateModified":"2024-10-18T11:38:12+00:00","description":"Vergelijking andere glassoorten GG-NedVac Sapphire en GG-NedVac Onyx","breadcrumb":{"@id":"https:\/\/www.vacuum-glas.eu\/de\/geschaftskunde\/produkte\/#breadcrumb"},"inLanguage":"de","potentialAction":[{"@type":"ReadAction","target":["https:\/\/www.vacuum-glas.eu\/de\/geschaftskunde\/produkte\/"]}]},{"@type":"ImageObject","inLanguage":"de","@id":"https:\/\/www.vacuum-glas.eu\/de\/geschaftskunde\/produkte\/#primaryimage","url":"https:\/\/www.vacuum-glas.eu\/wp-content\/uploads\/2024\/10\/GGG-Vacuumglas-Saphire-Onyx-724x1024.jpg","contentUrl":"https:\/\/www.vacuum-glas.eu\/wp-content\/uploads\/2024\/10\/GGG-Vacuumglas-Saphire-Onyx-724x1024.jpg"},{"@type":"BreadcrumbList","@id":"https:\/\/www.vacuum-glas.eu\/de\/geschaftskunde\/produkte\/#breadcrumb","itemListElement":[{"@type":"ListItem","position":1,"name":"Home","item":"https:\/\/www.vacuum-glas.eu\/de\/"},{"@type":"ListItem","position":2,"name":"zakelijk","item":"https:\/\/www.vacuum-glas.eu\/de\/zakelijk\/"},{"@type":"ListItem","position":3,"name":"Produkte"}]},{"@type":"WebSite","@id":"https:\/\/www.vacuum-glas.eu\/de\/#website","url":"https:\/\/www.vacuum-glas.eu\/de\/","name":"Vacuum glas","description":"Insulation value for the future","publisher":{"@id":"https:\/\/www.vacuum-glas.eu\/de\/#organization"},"potentialAction":[{"@type":"SearchAction","target":{"@type":"EntryPoint","urlTemplate":"https:\/\/www.vacuum-glas.eu\/de\/?s={search_term_string}"},"query-input":{"@type":"PropertyValueSpecification","valueRequired":true,"valueName":"search_term_string"}}],"inLanguage":"de"},{"@type":"Organization","@id":"https:\/\/www.vacuum-glas.eu\/de\/#organization","name":"Vacuum glas","url":"https:\/\/www.vacuum-glas.eu\/de\/","logo":{"@type":"ImageObject","inLanguage":"de","@id":"https:\/\/www.vacuum-glas.eu\/de\/#\/schema\/logo\/image\/","url":"https:\/\/www.vacuum-glas.eu\/wp-content\/uploads\/2023\/05\/logo.png","contentUrl":"https:\/\/www.vacuum-glas.eu\/wp-content\/uploads\/2023\/05\/logo.png","width":268,"height":108,"caption":"Vacuum glas"},"image":{"@id":"https:\/\/www.vacuum-glas.eu\/de\/#\/schema\/logo\/image\/"}}]}},"_links":{"self":[{"href":"https:\/\/www.vacuum-glas.eu\/de\/wp-json\/wp\/v2\/pages\/2709","targetHints":{"allow":["GET"]}}],"collection":[{"href":"https:\/\/www.vacuum-glas.eu\/de\/wp-json\/wp\/v2\/pages"}],"about":[{"href":"https:\/\/www.vacuum-glas.eu\/de\/wp-json\/wp\/v2\/types\/page"}],"author":[{"embeddable":true,"href":"https:\/\/www.vacuum-glas.eu\/de\/wp-json\/wp\/v2\/users\/1"}],"replies":[{"embeddable":true,"href":"https:\/\/www.vacuum-glas.eu\/de\/wp-json\/wp\/v2\/comments?post=2709"}],"version-history":[{"count":8,"href":"https:\/\/www.vacuum-glas.eu\/de\/wp-json\/wp\/v2\/pages\/2709\/revisions"}],"predecessor-version":[{"id":2797,"href":"https:\/\/www.vacuum-glas.eu\/de\/wp-json\/wp\/v2\/pages\/2709\/revisions\/2797"}],"up":[{"embeddable":true,"href":"https:\/\/www.vacuum-glas.eu\/de\/wp-json\/wp\/v2\/pages\/2658"}],"wp:attachment":[{"href":"https:\/\/www.vacuum-glas.eu\/de\/wp-json\/wp\/v2\/media?parent=2709"}],"curies":[{"name":"wp","href":"https:\/\/api.w.org\/{rel}","templated":true}]}}